{"id":2738,"date":"2023-03-22T12:20:49","date_gmt":"2023-03-22T11:20:49","guid":{"rendered":"https:\/\/www.eltern-bilinguisme.org\/eltern-alsace-eurostages-und-recrutorrs-erfahrungsberichte\/"},"modified":"2025-03-20T17:23:46","modified_gmt":"2025-03-20T16:23:46","slug":"eltern-alsace-eurostages-und-recrutorrs-erfahrungsberichte","status":"publish","type":"page","link":"https:\/\/www.eltern-bilinguisme.org\/de\/eltern-alsace-eurostages-und-recrutorrs-erfahrungsberichte\/","title":{"rendered":"Eltern Alsace &#8211; EUROSTAGES und RecrutoRRs &#8211; Erfahrungsberichte"},"content":{"rendered":"\n<div style=\"height:28px\" aria-hidden=\"true\" class=\"wp-block-spacer\"><\/div>\n\n<h3 class=\"wp-block-heading\">In den folgenden Videoportr\u00e4ts werden Ihnen Personen vorgestellt, die im Rahmen unseres Projekts Eltern Alsace \u2013 EUROSTAGES ein einw\u00f6chiges Schnupperpraktikum in Deutschland oder in der Schweiz absolviert haben oder mithilfe von RecrutoRRs f\u00fcr eine Stelle als zweisprachige Lehrkraft oder zweisprachige\/r Sprachvermittler\/in im Elsass vermittelt wurden.<\/h3>\n\n<p>Sie alle berichten von ihren Erfahrungen mit uns an ihrer Seite!<\/p>\n\n<p>Sie finden alle Videoportr\u00e4ts auf dieser Homepage sowie auf unserem <a href=\"https:\/\/www.youtube.com\/channel\/UCib3xvKDzOWssXOyD44wILw\">YouTube-Channel<\/a>.<\/p>\n\n<p>Vielen Dank an alle Teilnehmenden!<\/p>\n\n<div style=\"height:53px\" aria-hidden=\"true\" class=\"wp-block-spacer\"><\/div>\n\n<div class=\"wp-block-columns is-layout-flex wp-container-core-columns-is-layout-1 wp-block-columns-is-layout-flex\">\n<div class=\"wp-block-column is-layout-flow wp-block-column-is-layout-flow\">\n<h2 class=\"wp-block-heading has-text-align-center\">Eltern Alsace &#8211; EUROSTAGES<\/h2>\n\n\n\n<figure class=\"wp-block-embed is-type-video is-provider-youtube wp-block-embed-youtube wp-embed-aspect-16-9 wp-has-aspect-ratio\"><div class=\"wp-block-embed__wrapper\">\n<iframe loading=\"lazy\" title=\"Portrait vid\u00e9o EUROSTAGES #1 - Ils ont fait leur stage en Allemagne - Ma\u00ebl\" width=\"1170\" height=\"658\" src=\"https:\/\/www.youtube.com\/embed\/4__K8Qbijx0?feature=oembed\" frameborder=\"0\" allow=\"accelerometer; autoplay; clipboard-write; encrypted-media; gyroscope; picture-in-picture; web-share\" allowfullscreen><\/iframe>\n<\/div><figcaption class=\"wp-element-caption\">Maels Videoportr\u00e4t &#8211; Institut de l&#8217;Assomption (Colmar) &#8211; 21. M\u00e4rz 2023<\/figcaption><\/figure>\n\n\n\n<figure class=\"wp-block-embed is-type-video is-provider-youtube wp-block-embed-youtube wp-embed-aspect-16-9 wp-has-aspect-ratio\"><div class=\"wp-block-embed__wrapper\">\n<iframe loading=\"lazy\" title=\"C\u00e9r\u00e9monie de remise des attestations de stage EUROSTAGES\/Euregio au Parlement europ\u00e9en de Strasbourg\" width=\"1170\" height=\"658\" src=\"https:\/\/www.youtube.com\/embed\/dBkZa8OLBj0?feature=oembed\" frameborder=\"0\" allow=\"accelerometer; autoplay; clipboard-write; encrypted-media; gyroscope; picture-in-picture; web-share\" allowfullscreen><\/iframe>\n<\/div><figcaption class=\"wp-element-caption\">Zeremonie zur Verleihung der Praktikumsbescheinigungen im Europ\u00e4ischen Parlament am 16. Juni 2023<\/figcaption><\/figure>\n\n\n\n<figure class=\"wp-block-embed is-type-video is-provider-youtube wp-block-embed-youtube wp-embed-aspect-16-9 wp-has-aspect-ratio\"><div class=\"wp-block-embed__wrapper\">\n<iframe loading=\"lazy\" title=\"Portrait vid\u00e9o #2 - Ils ont fait leur stage en Allemagne - H\u00e9lo\u00efse\" width=\"1170\" height=\"658\" src=\"https:\/\/www.youtube.com\/embed\/yJkNNXy9QDM?feature=oembed\" frameborder=\"0\" allow=\"accelerometer; autoplay; clipboard-write; encrypted-media; gyroscope; picture-in-picture; web-share\" referrerpolicy=\"strict-origin-when-cross-origin\" allowfullscreen><\/iframe>\n<\/div><figcaption class=\"wp-element-caption\">H\u00e9lo\u00efses Videoportr\u00e4t &#8211; Institut de l&#8217;Assomption (Colmar) &#8211; 27. M\u00e4rz 2024<\/figcaption><\/figure>\n\n\n\n<figure class=\"wp-block-embed is-type-video is-provider-youtube wp-block-embed-youtube wp-embed-aspect-16-9 wp-has-aspect-ratio\"><div class=\"wp-block-embed__wrapper\">\n<iframe loading=\"lazy\" title=\"Portrait vid\u00e9o #3 - Ils ont fait leur stage en Allemagne - Clara\" width=\"1170\" height=\"658\" src=\"https:\/\/www.youtube.com\/embed\/TA1gccLQgJU?feature=oembed\" frameborder=\"0\" allow=\"accelerometer; autoplay; clipboard-write; encrypted-media; gyroscope; picture-in-picture; web-share\" referrerpolicy=\"strict-origin-when-cross-origin\" allowfullscreen><\/iframe>\n<\/div><figcaption class=\"wp-element-caption\">Claras Videoportr\u00e4t &#8211; Institut de l&#8217;Assomption (Colmar)<\/figcaption><\/figure>\n\n\n\n<figure class=\"wp-block-embed is-type-video is-provider-youtube wp-block-embed-youtube wp-embed-aspect-16-9 wp-has-aspect-ratio\"><div class=\"wp-block-embed__wrapper\">\n<iframe loading=\"lazy\" title=\"Portrait vid\u00e9o EUROSTAGES #4 - Ils ont fait leur stage en Allemagne - Rafa\u00ebl\" width=\"1170\" height=\"658\" src=\"https:\/\/www.youtube.com\/embed\/KNNZvTuaop8?feature=oembed\" frameborder=\"0\" allow=\"accelerometer; autoplay; clipboard-write; encrypted-media; gyroscope; picture-in-picture; web-share\" referrerpolicy=\"strict-origin-when-cross-origin\" allowfullscreen><\/iframe>\n<\/div><figcaption class=\"wp-element-caption\">Rafa\u00ebls Videoportr\u00e4t &#8211; Institut de l&#8217;Assomption (Colmar)<\/figcaption><\/figure>\n<\/div>\n\n\n\n<div class=\"wp-block-column is-layout-flow wp-block-column-is-layout-flow\">\n<h2 class=\"wp-block-heading has-text-align-center\">RecrutoRRs<\/h2>\n\n\n\n<p>Demn\u00e4chst &#8230;<\/p>\n<\/div>\n<\/div>\n\n<div style=\"height:55px\" aria-hidden=\"true\" class=\"wp-block-spacer\"><\/div>\n\n<p>Neue Videos kommen bald, bleiben Sie dran!<\/p>\n","protected":false},"excerpt":{"rendered":"<p>In den folgenden Videoportr\u00e4ts werden Ihnen Personen vorgestellt, die im Rahmen unseres Projekts Eltern Alsace \u2013 EUROSTAGES ein einw\u00f6chiges Schnupperpraktikum in Deutschland oder in der Schweiz absolviert haben oder mithilfe von RecrutoRRs&#8230;<\/p>\n","protected":false},"author":2,"featured_media":2644,"parent":0,"menu_order":0,"comment_status":"closed","ping_status":"closed","template":"","meta":{"_eb_attr":"","footnotes":""},"acf":[],"yoast_head":"<!-- This site is optimized with the Yoast SEO plugin v20.13 - https:\/\/yoast.com\/wordpress\/plugins\/seo\/ -->\n<title>Eltern Alsace - EUROSTAGES und RecrutoRRs - Erfahrungsberichte | Eltern Alsace<\/title>\n<meta name=\"robots\" content=\"index, follow, max-snippet:-1, max-image-preview:large, max-video-preview:-1\" \/>\n<link rel=\"canonical\" href=\"https:\/\/www.eltern-bilinguisme.org\/de\/eltern-alsace-eurostages-und-recrutorrs-erfahrungsberichte\/\" \/>\n<meta property=\"og:locale\" content=\"de_DE\" \/>\n<meta property=\"og:type\" content=\"article\" \/>\n<meta property=\"og:title\" content=\"Eltern Alsace - EUROSTAGES und RecrutoRRs - Erfahrungsberichte | Eltern Alsace\" \/>\n<meta property=\"og:description\" content=\"In den folgenden Videoportr\u00e4ts werden Ihnen Personen vorgestellt, die im Rahmen unseres Projekts Eltern Alsace \u2013 EUROSTAGES ein einw\u00f6chiges Schnupperpraktikum in Deutschland oder in der Schweiz absolviert haben oder mithilfe von RecrutoRRs...\" \/>\n<meta property=\"og:url\" content=\"https:\/\/www.eltern-bilinguisme.org\/de\/eltern-alsace-eurostages-und-recrutorrs-erfahrungsberichte\/\" \/>\n<meta property=\"og:site_name\" content=\"Eltern Alsace\" \/>\n<meta property=\"article:publisher\" content=\"https:\/\/www.facebook.com\/ElternAlsace\" \/>\n<meta property=\"article:modified_time\" content=\"2025-03-20T16:23:46+00:00\" \/>\n<meta property=\"og:image\" content=\"https:\/\/www.eltern-bilinguisme.org\/wp-content\/uploads\/2023\/03\/portraits-videos.jpg\" \/>\n\t<meta property=\"og:image:width\" content=\"1920\" \/>\n\t<meta property=\"og:image:height\" content=\"1080\" \/>\n\t<meta property=\"og:image:type\" content=\"image\/jpeg\" \/>\n<meta name=\"twitter:card\" content=\"summary_large_image\" \/>\n<meta name=\"twitter:label1\" content=\"Gesch\u00e4tzte Lesezeit\" \/>\n\t<meta name=\"twitter:data1\" content=\"1\u00a0Minute\" \/>\n<script type=\"application\/ld+json\" class=\"yoast-schema-graph\">{\"@context\":\"https:\/\/schema.org\",\"@graph\":[{\"@type\":\"WebPage\",\"@id\":\"https:\/\/www.eltern-bilinguisme.org\/de\/eltern-alsace-eurostages-und-recrutorrs-erfahrungsberichte\/\",\"url\":\"https:\/\/www.eltern-bilinguisme.org\/de\/eltern-alsace-eurostages-und-recrutorrs-erfahrungsberichte\/\",\"name\":\"Eltern Alsace - EUROSTAGES und RecrutoRRs - Erfahrungsberichte | Eltern Alsace\",\"isPartOf\":{\"@id\":\"https:\/\/www.eltern-bilinguisme.org\/de\/#website\"},\"datePublished\":\"2023-03-22T11:20:49+00:00\",\"dateModified\":\"2025-03-20T16:23:46+00:00\",\"breadcrumb\":{\"@id\":\"https:\/\/www.eltern-bilinguisme.org\/de\/eltern-alsace-eurostages-und-recrutorrs-erfahrungsberichte\/#breadcrumb\"},\"inLanguage\":\"de\",\"potentialAction\":[{\"@type\":\"ReadAction\",\"target\":[\"https:\/\/www.eltern-bilinguisme.org\/de\/eltern-alsace-eurostages-und-recrutorrs-erfahrungsberichte\/\"]}]},{\"@type\":\"BreadcrumbList\",\"@id\":\"https:\/\/www.eltern-bilinguisme.org\/de\/eltern-alsace-eurostages-und-recrutorrs-erfahrungsberichte\/#breadcrumb\",\"itemListElement\":[{\"@type\":\"ListItem\",\"position\":1,\"name\":\"Accueil\",\"item\":\"https:\/\/www.eltern-bilinguisme.org\/de\/\"},{\"@type\":\"ListItem\",\"position\":2,\"name\":\"Eltern Alsace &#8211; EUROSTAGES und RecrutoRRs &#8211; Erfahrungsberichte\"}]},{\"@type\":\"WebSite\",\"@id\":\"https:\/\/www.eltern-bilinguisme.org\/de\/#website\",\"url\":\"https:\/\/www.eltern-bilinguisme.org\/de\/\",\"name\":\"Eltern Alsace\",\"description\":\"Etre bilingue, c&#039;est mettre deux fois plus de chances de son c\u00f4t\u00e9 !\",\"publisher\":{\"@id\":\"https:\/\/www.eltern-bilinguisme.org\/de\/#organization\"},\"potentialAction\":[{\"@type\":\"SearchAction\",\"target\":{\"@type\":\"EntryPoint\",\"urlTemplate\":\"https:\/\/www.eltern-bilinguisme.org\/de\/?s={search_term_string}\"},\"query-input\":\"required name=search_term_string\"}],\"inLanguage\":\"de\"},{\"@type\":\"Organization\",\"@id\":\"https:\/\/www.eltern-bilinguisme.org\/de\/#organization\",\"name\":\"Eltern Alsace\",\"url\":\"https:\/\/www.eltern-bilinguisme.org\/de\/\",\"logo\":{\"@type\":\"ImageObject\",\"inLanguage\":\"de\",\"@id\":\"https:\/\/www.eltern-bilinguisme.org\/de\/#\/schema\/logo\/image\/\",\"url\":\"https:\/\/www.eltern-bilinguisme.org\/wp-content\/uploads\/2022\/08\/logo-footer.png\",\"contentUrl\":\"https:\/\/www.eltern-bilinguisme.org\/wp-content\/uploads\/2022\/08\/logo-footer.png\",\"width\":301,\"height\":178,\"caption\":\"Eltern Alsace\"},\"image\":{\"@id\":\"https:\/\/www.eltern-bilinguisme.org\/de\/#\/schema\/logo\/image\/\"},\"sameAs\":[\"https:\/\/www.facebook.com\/ElternAlsace\",\"https:\/\/www.instagram.com\/elternalsace\/\"]}]}<\/script>\n<!-- \/ Yoast SEO plugin. -->","yoast_head_json":{"title":"Eltern Alsace - EUROSTAGES und RecrutoRRs - Erfahrungsberichte | Eltern Alsace","robots":{"index":"index","follow":"follow","max-snippet":"max-snippet:-1","max-image-preview":"max-image-preview:large","max-video-preview":"max-video-preview:-1"},"canonical":"https:\/\/www.eltern-bilinguisme.org\/de\/eltern-alsace-eurostages-und-recrutorrs-erfahrungsberichte\/","og_locale":"de_DE","og_type":"article","og_title":"Eltern Alsace - EUROSTAGES und RecrutoRRs - Erfahrungsberichte | Eltern Alsace","og_description":"In den folgenden Videoportr\u00e4ts werden Ihnen Personen vorgestellt, die im Rahmen unseres Projekts Eltern Alsace \u2013 EUROSTAGES ein einw\u00f6chiges Schnupperpraktikum in Deutschland oder in der Schweiz absolviert haben oder mithilfe von RecrutoRRs...","og_url":"https:\/\/www.eltern-bilinguisme.org\/de\/eltern-alsace-eurostages-und-recrutorrs-erfahrungsberichte\/","og_site_name":"Eltern Alsace","article_publisher":"https:\/\/www.facebook.com\/ElternAlsace","article_modified_time":"2025-03-20T16:23:46+00:00","og_image":[{"width":1920,"height":1080,"url":"https:\/\/www.eltern-bilinguisme.org\/wp-content\/uploads\/2023\/03\/portraits-videos.jpg","type":"image\/jpeg"}],"twitter_card":"summary_large_image","twitter_misc":{"Gesch\u00e4tzte Lesezeit":"1\u00a0Minute"},"schema":{"@context":"https:\/\/schema.org","@graph":[{"@type":"WebPage","@id":"https:\/\/www.eltern-bilinguisme.org\/de\/eltern-alsace-eurostages-und-recrutorrs-erfahrungsberichte\/","url":"https:\/\/www.eltern-bilinguisme.org\/de\/eltern-alsace-eurostages-und-recrutorrs-erfahrungsberichte\/","name":"Eltern Alsace - EUROSTAGES und RecrutoRRs - Erfahrungsberichte | Eltern Alsace","isPartOf":{"@id":"https:\/\/www.eltern-bilinguisme.org\/de\/#website"},"datePublished":"2023-03-22T11:20:49+00:00","dateModified":"2025-03-20T16:23:46+00:00","breadcrumb":{"@id":"https:\/\/www.eltern-bilinguisme.org\/de\/eltern-alsace-eurostages-und-recrutorrs-erfahrungsberichte\/#breadcrumb"},"inLanguage":"de","potentialAction":[{"@type":"ReadAction","target":["https:\/\/www.eltern-bilinguisme.org\/de\/eltern-alsace-eurostages-und-recrutorrs-erfahrungsberichte\/"]}]},{"@type":"BreadcrumbList","@id":"https:\/\/www.eltern-bilinguisme.org\/de\/eltern-alsace-eurostages-und-recrutorrs-erfahrungsberichte\/#breadcrumb","itemListElement":[{"@type":"ListItem","position":1,"name":"Accueil","item":"https:\/\/www.eltern-bilinguisme.org\/de\/"},{"@type":"ListItem","position":2,"name":"Eltern Alsace &#8211; EUROSTAGES und RecrutoRRs &#8211; Erfahrungsberichte"}]},{"@type":"WebSite","@id":"https:\/\/www.eltern-bilinguisme.org\/de\/#website","url":"https:\/\/www.eltern-bilinguisme.org\/de\/","name":"Eltern Alsace","description":"Etre bilingue, c&#039;est mettre deux fois plus de chances de son c\u00f4t\u00e9 !","publisher":{"@id":"https:\/\/www.eltern-bilinguisme.org\/de\/#organization"},"potentialAction":[{"@type":"SearchAction","target":{"@type":"EntryPoint","urlTemplate":"https:\/\/www.eltern-bilinguisme.org\/de\/?s={search_term_string}"},"query-input":"required name=search_term_string"}],"inLanguage":"de"},{"@type":"Organization","@id":"https:\/\/www.eltern-bilinguisme.org\/de\/#organization","name":"Eltern Alsace","url":"https:\/\/www.eltern-bilinguisme.org\/de\/","logo":{"@type":"ImageObject","inLanguage":"de","@id":"https:\/\/www.eltern-bilinguisme.org\/de\/#\/schema\/logo\/image\/","url":"https:\/\/www.eltern-bilinguisme.org\/wp-content\/uploads\/2022\/08\/logo-footer.png","contentUrl":"https:\/\/www.eltern-bilinguisme.org\/wp-content\/uploads\/2022\/08\/logo-footer.png","width":301,"height":178,"caption":"Eltern Alsace"},"image":{"@id":"https:\/\/www.eltern-bilinguisme.org\/de\/#\/schema\/logo\/image\/"},"sameAs":["https:\/\/www.facebook.com\/ElternAlsace","https:\/\/www.instagram.com\/elternalsace\/"]}]}},"publishpress_future_action":{"enabled":false,"date":"1970-01-01 01:00:00","action":"","terms":[],"taxonomy":"","browser_timezone_offset":0},"_links":{"self":[{"href":"https:\/\/www.eltern-bilinguisme.org\/de\/wp-json\/wp\/v2\/pages\/2738"}],"collection":[{"href":"https:\/\/www.eltern-bilinguisme.org\/de\/wp-json\/wp\/v2\/pages"}],"about":[{"href":"https:\/\/www.eltern-bilinguisme.org\/de\/wp-json\/wp\/v2\/types\/page"}],"author":[{"embeddable":true,"href":"https:\/\/www.eltern-bilinguisme.org\/de\/wp-json\/wp\/v2\/users\/2"}],"replies":[{"embeddable":true,"href":"https:\/\/www.eltern-bilinguisme.org\/de\/wp-json\/wp\/v2\/comments?post=2738"}],"version-history":[{"count":10,"href":"https:\/\/www.eltern-bilinguisme.org\/de\/wp-json\/wp\/v2\/pages\/2738\/revisions"}],"predecessor-version":[{"id":6037,"href":"https:\/\/www.eltern-bilinguisme.org\/de\/wp-json\/wp\/v2\/pages\/2738\/revisions\/6037"}],"wp:featuredmedia":[{"embeddable":true,"href":"https:\/\/www.eltern-bilinguisme.org\/de\/wp-json\/wp\/v2\/media\/2644"}],"wp:attachment":[{"href":"https:\/\/www.eltern-bilinguisme.org\/de\/wp-json\/wp\/v2\/media?parent=2738"}],"curies":[{"name":"wp","href":"https:\/\/api.w.org\/{rel}","templated":true}]}}