{"id":5227,"date":"2022-08-31T13:52:12","date_gmt":"2022-08-31T11:52:12","guid":{"rendered":"https:\/\/www.eltern-bilinguisme.org\/impressum\/"},"modified":"2024-08-01T11:27:08","modified_gmt":"2024-08-01T09:27:08","slug":"impressum","status":"publish","type":"page","link":"https:\/\/www.eltern-bilinguisme.org\/de\/impressum\/","title":{"rendered":"Impressum"},"content":{"rendered":"\n<h1 class=\"wp-block-heading\">1. Vorstellung der Internetseite<\/h1>\n\n<p>Gem\u00e4\u00df Artikel 6 des Gesetzes Nr. 2004-575 vom 21. Juni 2004 \u00fcber das Vertrauen in die digitale Wirtschaft, wird den Nutzern der Website eltern-bilinguisme.org die Identit\u00e4t der verschiedenen Akteure im Rahmen der Erstellung und Betreuung der Website mitgeteilt:<\/p>\n\n<div class=\"wp-block-columns is-layout-flex wp-container-core-columns-is-layout-1 wp-block-columns-is-layout-flex\">\n<div class=\"wp-block-column is-layout-flow wp-block-column-is-layout-flow\">\n<div class=\"wp-block-group\"><div class=\"wp-block-group__inner-container is-layout-constrained wp-block-group-is-layout-constrained\">\n<p><strong>Eigent\u00fcmer der Website<\/strong><\/p>\n\n\n\n<p>Eltern Alsace<br\/>Verein nach lokalem Recht (Bas-Rhin, Haut-Rhin, Moselle).<br\/>Sitz, 11 rue Mittlerweg &#8211; 68000 Colmar<br\/>Siret : 408 131 142 00049<br\/>Telefon: +33 (0)3 89 20 46 74<br\/>E-Mail: contact@eltern-bilinguisme.org<\/p>\n<\/div><\/div>\n<\/div>\n\n\n\n<div class=\"wp-block-column is-layout-flow wp-block-column-is-layout-flow\">\n<div class=\"wp-block-group\"><div class=\"wp-block-group__inner-container is-layout-constrained wp-block-group-is-layout-constrained\">\n<p><strong>Verantwortlicher f\u00fcr die Ver\u00f6ffentlichung und Datenschutzbeauftragter<\/strong><\/p>\n\n\n\n<p>Herr Claude Froehlicher, Pr\u00e4sident Eltern Alsace<br\/>11 rue Mittlerweg &#8211; 68000 Colmar<br\/>Telefon: +33 (0)3 89 20 46 74.<br\/>Email: contact@eltern-bilinguisme.org<\/p>\n<\/div><\/div>\n<\/div>\n\n\n\n<div class=\"wp-block-column is-layout-flow wp-block-column-is-layout-flow\">\n<div class=\"wp-block-group\"><div class=\"wp-block-group__inner-container is-layout-constrained wp-block-group-is-layout-constrained\">\n<p><strong>Webhoster<\/strong><\/p>\n\n\n\n<p>OVH<br\/>2 rue Kellermann &#8211; 59100 Roubaix<\/p>\n<\/div><\/div>\n<\/div>\n<\/div>\n\n<h2 class=\"wp-block-heading\">2. Cr\u00e9dits<\/h2>\n\n<div class=\"wp-block-columns is-layout-flex wp-container-core-columns-is-layout-2 wp-block-columns-is-layout-flex\">\n<div class=\"wp-block-column is-layout-flow wp-block-column-is-layout-flow\">\n<div class=\"wp-block-group\"><div class=\"wp-block-group__inner-container is-layout-constrained wp-block-group-is-layout-constrained\">\n<p><strong>Projektmanagement und grafische Gestaltung<\/strong><\/p>\n\n\n\n<p>Anna Conseil en Communication<br\/>17 place de la Libert\u00e9 &#8211; 68100 Mulhouse<br\/><a href=\"mailto:info@anna-communication.com\">info@anna-communication.com<\/a><br\/>Telefon: +33(0)3 89 62 85 24<br\/><a href=\"http:\/\/www.anna-communication.com\">www.anna-communication.com<\/a><\/p>\n<\/div><\/div>\n<\/div>\n\n\n\n<div class=\"wp-block-column is-layout-flow wp-block-column-is-layout-flow\">\n<div class=\"wp-block-group\"><div class=\"wp-block-group__inner-container is-layout-constrained wp-block-group-is-layout-constrained\">\n<p><strong>Gestaltung von Webseiten<\/strong><\/p>\n\n\n\n<p>Echapp\u00e9e Web<br\/><a href=\"mailto:contact@echappee-web.fr\">contact@echappee-web.fr<\/a><br\/>www.echappee-web.fr<\/p>\n<\/div><\/div>\n<\/div>\n<\/div>\n\n<h2 class=\"wp-block-heading\">3. Vertragliche Einschr\u00e4nkungen der technischen Daten<\/h2>\n\n<p>Die Website verwendet die JavaScript-Technologie. Die Website eltern-bilinguisme.org kann nicht f\u00fcr materielle Sch\u00e4den im Zusammenhang mit ihrer Nutzung haftbar gemacht werden. Dar\u00fcber hinaus verpflichtet sich der Nutzer der Website, auf die Website mit einer aktuellen Hardware, die keine Viren enth\u00e4lt, und mit einem Browser der neuesten Generation, der auf dem neuesten Stand ist, zuzugreifen. Die Website eltern-bilinguisme.org wird gem\u00e4\u00df den Bestimmungen der Allgemeinen Datenschutzverordnung (DSGVO: Nr. 2016-679) bei einem Anbieter auf dem Gebiet der Europ\u00e4ischen Union gehostet.   <\/p>\n\n<p>Der Webhoster gew\u00e4hrleistet die Kontinuit\u00e4t seines Dienstes 24 Stunden am Tag, an allen Tagen des Jahres. Er beh\u00e4lt sich jedoch die M\u00f6glichkeit vor, den Hosting-Dienst f\u00fcr m\u00f6glichst kurze Zeitr\u00e4ume zu unterbrechen, insbesondere zu Wartungszwecken, zur Verbesserung seiner Infrastrukturen, bei Ausfall seiner Infrastrukturen oder wenn die Website eltern-bilinguisme.org ein als anormal geltendes Verkehrsaufkommen erzeugt. <\/p>\n\n<p>Die Website eltern-bilinguisme.org und der Webhoster k\u00f6nnen nicht haftbar gemacht werden, wenn das Internet, die Telefonleitungen oder das Computer- und Telefonmaterial nicht funktionieren, was insbesondere mit der \u00dcberlastung des Netzes zusammenh\u00e4ngt, die den Zugang zum Server verhindert.<\/p>\n\n<h2 class=\"wp-block-heading\">4. Geistiges Eigentum und Urheberrechtsverletzungen<\/h2>\n\n<p>Eltern Alsace besitzt die Rechte des geistigen Eigentums oder verf\u00fcgt \u00fcber Nutzungsrechte an allen auf der Website zug\u00e4nglichen Elementen, einschlie\u00dflich Texten, Bildern, Grafiken, Logos, Icons, T\u00f6nen und Videos.<\/p>\n\n<p>Jegliche Vervielf\u00e4ltigung, Darstellung, \u00c4nderung, Ver\u00f6ffentlichung oder Anpassung eines Teils oder aller Elemente der Website, unabh\u00e4ngig von den verwendeten Mitteln oder Verfahren, ist ohne vorherige schriftliche Genehmigung des Elternvereins Eltern Alsace untersagt.<\/p>\n\n<p>Jede unbefugte Nutzung der Website oder eines ihrer Bestandteile gilt als Versto\u00df und wird gem\u00e4\u00df den Bestimmungen der Artikel L.335-2 und folgende des franz\u00f6sischen Code de la Propri\u00e9t\u00e9 Intellectuelle (Gesetz \u00fcber das geistige Eigentum) verfolgt.<\/p>\n\n<h2 class=\"wp-block-heading\">5. Datenschutzrichtlinie<\/h2>\n\n<h3 class=\"wp-block-heading\">Nutzung der gesammelten personenbezogenen Daten<\/h3>\n\n<h4 class=\"wp-block-heading\">Online-Formular<\/h4>\n\n<p>Wir sammeln die folgenden Informationen \u00fcber unser Formular: Vorname, Nachname, Telefon, E-Mail, Postleitzahl, Stadt, Land, Anzahl der Kinder, Jahr der Einschulung der Kinder, Geburtsjahr der Kinder, Mitgliedsnummer (falls erneuert)<\/p>\n\n<p>Diese personenbezogenen Daten k\u00f6nnen maximal 6 Jahre nach dem Ende Ihrer Mitgliedschaft gespeichert werden. Wir verwenden die so gesammelten Informationen, um Sie in die Liste der Mitglieder unseres Vereins aufnehmen zu k\u00f6nnen. <\/p>\n\n<h3 class=\"wp-block-heading\">Speicherung und \u00dcbermittlung der \u00fcber unsere Formulare gesammelten Daten<\/h3>\n\n<p>Die \u00fcber unser Formular gesammelten Daten werden auf der Website von Helloasso sowie in unserer Kontakt-Datenbank gespeichert. Sie sind f\u00fcr autorisierte Mitglieder von Eltern Alsace zug\u00e4nglich. <\/p>\n\n<p><a href=\"https:\/\/www.helloasso.com\/confidentialite\" target=\"_blank\" rel=\"noreferrer noopener\"><\/a><a href=\"https:\/\/www.helloasso.com\/confidentialite\">Lesen Sie die Datenschutzbestimmungen von Helloasso<\/a><\/p>\n\n<p>Keine pers\u00f6nlichen Informationen der Website-Benutzer werden ohne deren Wissen ver\u00f6ffentlicht, ausgetauscht, \u00fcbertragen, weitergegeben oder auf irgendeinem Medium an Dritte verkauft.<\/p>\n\n<h3 class=\"wp-block-heading\">Statistiken und Messung des Webpublikums<\/h3>\n\n<p>Diese Website verwendet Matomo, einen von der CNIL empfohlenen Dienst zur Messung des Nutzerverhaltens. Die f\u00fcr die Messung des Webpublikums erforderlichen Daten werden 12 Monate lang in einem Format gespeichert, das die Identifizierung von Personen anhand ihrer IP-Adresse nicht zul\u00e4sst. Es werden Cookies abgelegt, um Ihren Besuch auf unserer Website zu verfolgen. Sie k\u00f6nnen dies jedoch jederzeit verhindern, indem Sie auf die Schaltfl\u00e4che &#8222;<em>Cookie-Verwaltung<\/em>&#8220; am Ende der Seite klicken.  <\/p>\n\n<h3 class=\"wp-block-heading\">Von anderen Seiten eingebettete Inhalte<\/h3>\n\n<p>Die Artikel auf dieser Website k\u00f6nnen eingebettete Inhalte enthalten (z. B. Videos, Bilder, Artikel &#8230;). Von anderen Websites eingebettete Inhalte verhalten sich genauso, als w\u00fcrde der Besucher diese andere Website besuchen. <\/p>\n\n<p>Diese Websites k\u00f6nnten Daten \u00fcber Sie sammeln, Cookies verwenden, Tracking-Tools von Drittanbietern einbetten und Ihre Interaktionen mit diesen eingebetteten Inhalten verfolgen, wenn Sie ein angemeldetes Konto auf ihrer Website haben.<\/p>\n\n<h3 class=\"wp-block-heading\">Cookies<\/h3>\n\n<p>Ein Cookie ist eine kleine Textdatei, die Websites auf Ihrem Medium (Computer, Tablet oder Handy) speichern, wenn Sie sie besuchen. Es erm\u00f6glicht diesen Websites, Ihre Aktionen und Vorlieben f\u00fcr einen bestimmten Zeitraum zu speichern.<\/p>\n\n<p>Diese Seite verwendet Cookies, um die Besucherzahlen zu messen und um die Funktion der Seite zu gew\u00e4hrleisten. Sogenannte &#8222;technische&#8220; Cookies sind von der Zustimmungspflicht befreit.<br\/>Diese Website verwendet auch eingebettete Inhalte zur Anzeige von Videos und Online-Formularen, die Cookies ablegen k\u00f6nnen.<\/p>\n\n<h4 class=\"wp-block-heading\">Umgang mit der Zustimmung<\/h4>\n\n<p>Sie k\u00f6nnen der Ablage von Cookies auf dieser Website problemlos zustimmen oder sie ablehnen. Um der Hinterlegung von Cookies zuzustimmen, klicken Sie auf die Schaltfl\u00e4che &#8222;<em>Alles akzeptieren<\/em>&#8220; im Banner in der Mitte des Bildschirms (nur bei Ihrer ersten Anmeldung sichtbar). Um Ihre Wahl zu \u00e4ndern, verwenden Sie die Option &#8222;<em>Cookies verwalten<\/em>&#8220; am unteren Rand des Bildschirms.<\/p>\n\n<p>Dies gilt nicht f\u00fcr technische Cookies.<\/p>\n\n<p>Sie k\u00f6nnen jedoch die Hinterlegung aller Cookies nach Ihren W\u00fcnschen steuern. Es ist m\u00f6glich, alle bereits auf Ihrem Computer gespeicherten Cookies zu l\u00f6schen und die wichtigsten Webbrowser so einzustellen, dass sie diese blockieren. In diesem Fall m\u00fcssen Sie jedoch m\u00f6glicherweise jedes Mal, wenn Sie eine Website besuchen, selbst bestimmte Pr\u00e4ferenzen angeben, und einige Dienste und Funktionen sind m\u00f6glicherweise nicht zug\u00e4nglich.<\/p>\n\n<p>Unter <a href=\"https:\/\/www.cnil.fr\/fr\/cookies-les-outils-pour-les-maitriser\">diesem Link<\/a> k\u00f6nnen Sie herausfinden, wie Sie alle Cookies entsprechend Ihrem Browser blockieren k\u00f6nnen.<\/p>\n\n<h3 class=\"wp-block-heading\">Datenzugriffs- und L\u00f6schungsrecht personenbezogener Daten<\/h3>\n\n<p>Gem\u00e4\u00df dem Datenschutzgesetz &#8222;Informatique et Libert\u00e9s&#8220; vom 6. Januar 1978 (Artikel 34) haben Sie das Recht auf Zugang, Berichtigung, \u00c4nderung und L\u00f6schung der Sie betreffenden Daten. Um dieses Recht auszu\u00fcben, k\u00f6nnen Sie uns telefonisch unter +33 (0)3 89 20 46 74 kontaktieren oder einen Brief an Eltern Alsace, 11 rue Mittlerweg, 68025 Colmar Cedex, senden. Alternativ k\u00f6nnen Sie uns auch eine E-Mail an kontakt@eltern-bilinguisme.org schicken.<\/p>\n\n<h3 class=\"wp-block-heading\">Wie wir Ihre Daten sch\u00fctzen<\/h3>\n\n<p>Die \u00fcber unsere Website \u00fcbertragenen Daten sind sicher, um Ihre Vertraulichkeit zu gew\u00e4hrleisten. Unsere Website ist durch das HTTPS-Protokoll gesichert. Der Zugang zum Back-Office der Website ist durch die Verwendung komplexer Passw\u00f6rter gesch\u00fctzt.<\/p>\n","protected":false},"excerpt":{"rendered":"<p>1. Vorstellung der Internetseite Gem\u00e4\u00df Artikel 6 des Gesetzes Nr. 2004-575 vom 21. Juni 2004 \u00fcber das Vertrauen in die digitale Wirtschaft, wird den Nutzern der Website eltern-bilinguisme.org die Identit\u00e4t der verschiedenen&#8230;<\/p>\n","protected":false},"author":2,"featured_media":0,"parent":0,"menu_order":0,"comment_status":"closed","ping_status":"closed","template":"","meta":{"_eb_attr":"","footnotes":""},"acf":[],"yoast_head":"<!-- This site is optimized with the Yoast SEO plugin v20.13 - https:\/\/yoast.com\/wordpress\/plugins\/seo\/ -->\n<title>Impressum | Eltern Alsace<\/title>\n<meta name=\"robots\" content=\"index, follow, max-snippet:-1, max-image-preview:large, max-video-preview:-1\" \/>\n<link rel=\"canonical\" href=\"https:\/\/www.eltern-bilinguisme.org\/de\/impressum\/\" \/>\n<meta property=\"og:locale\" content=\"de_DE\" \/>\n<meta property=\"og:type\" content=\"article\" \/>\n<meta property=\"og:title\" content=\"Impressum | Eltern Alsace\" \/>\n<meta property=\"og:description\" content=\"1. Vorstellung der Internetseite Gem\u00e4\u00df Artikel 6 des Gesetzes Nr. 2004-575 vom 21. Juni 2004 \u00fcber das Vertrauen in die digitale Wirtschaft, wird den Nutzern der Website eltern-bilinguisme.org die Identit\u00e4t der verschiedenen...\" \/>\n<meta property=\"og:url\" content=\"https:\/\/www.eltern-bilinguisme.org\/de\/impressum\/\" \/>\n<meta property=\"og:site_name\" content=\"Eltern Alsace\" \/>\n<meta property=\"article:publisher\" content=\"https:\/\/www.facebook.com\/ElternAlsace\" \/>\n<meta property=\"article:modified_time\" content=\"2024-08-01T09:27:08+00:00\" \/>\n<meta name=\"twitter:card\" content=\"summary_large_image\" \/>\n<meta name=\"twitter:label1\" content=\"Gesch\u00e4tzte Lesezeit\" \/>\n\t<meta name=\"twitter:data1\" content=\"5\u00a0Minuten\" \/>\n<script type=\"application\/ld+json\" class=\"yoast-schema-graph\">{\"@context\":\"https:\/\/schema.org\",\"@graph\":[{\"@type\":\"WebPage\",\"@id\":\"https:\/\/www.eltern-bilinguisme.org\/de\/impressum\/\",\"url\":\"https:\/\/www.eltern-bilinguisme.org\/de\/impressum\/\",\"name\":\"Impressum | Eltern Alsace\",\"isPartOf\":{\"@id\":\"https:\/\/www.eltern-bilinguisme.org\/de\/#website\"},\"datePublished\":\"2022-08-31T11:52:12+00:00\",\"dateModified\":\"2024-08-01T09:27:08+00:00\",\"breadcrumb\":{\"@id\":\"https:\/\/www.eltern-bilinguisme.org\/de\/impressum\/#breadcrumb\"},\"inLanguage\":\"de\",\"potentialAction\":[{\"@type\":\"ReadAction\",\"target\":[\"https:\/\/www.eltern-bilinguisme.org\/de\/impressum\/\"]}]},{\"@type\":\"BreadcrumbList\",\"@id\":\"https:\/\/www.eltern-bilinguisme.org\/de\/impressum\/#breadcrumb\",\"itemListElement\":[{\"@type\":\"ListItem\",\"position\":1,\"name\":\"Accueil\",\"item\":\"https:\/\/www.eltern-bilinguisme.org\/de\/\"},{\"@type\":\"ListItem\",\"position\":2,\"name\":\"Impressum\"}]},{\"@type\":\"WebSite\",\"@id\":\"https:\/\/www.eltern-bilinguisme.org\/de\/#website\",\"url\":\"https:\/\/www.eltern-bilinguisme.org\/de\/\",\"name\":\"Eltern Alsace\",\"description\":\"Etre bilingue, c&#039;est mettre deux fois plus de chances de son c\u00f4t\u00e9 !\",\"publisher\":{\"@id\":\"https:\/\/www.eltern-bilinguisme.org\/de\/#organization\"},\"potentialAction\":[{\"@type\":\"SearchAction\",\"target\":{\"@type\":\"EntryPoint\",\"urlTemplate\":\"https:\/\/www.eltern-bilinguisme.org\/de\/?s={search_term_string}\"},\"query-input\":\"required name=search_term_string\"}],\"inLanguage\":\"de\"},{\"@type\":\"Organization\",\"@id\":\"https:\/\/www.eltern-bilinguisme.org\/de\/#organization\",\"name\":\"Eltern Alsace\",\"url\":\"https:\/\/www.eltern-bilinguisme.org\/de\/\",\"logo\":{\"@type\":\"ImageObject\",\"inLanguage\":\"de\",\"@id\":\"https:\/\/www.eltern-bilinguisme.org\/de\/#\/schema\/logo\/image\/\",\"url\":\"https:\/\/www.eltern-bilinguisme.org\/wp-content\/uploads\/2022\/08\/logo-footer.png\",\"contentUrl\":\"https:\/\/www.eltern-bilinguisme.org\/wp-content\/uploads\/2022\/08\/logo-footer.png\",\"width\":301,\"height\":178,\"caption\":\"Eltern Alsace\"},\"image\":{\"@id\":\"https:\/\/www.eltern-bilinguisme.org\/de\/#\/schema\/logo\/image\/\"},\"sameAs\":[\"https:\/\/www.facebook.com\/ElternAlsace\",\"https:\/\/www.instagram.com\/elternalsace\/\"]}]}<\/script>\n<!-- \/ Yoast SEO plugin. -->","yoast_head_json":{"title":"Impressum | Eltern Alsace","robots":{"index":"index","follow":"follow","max-snippet":"max-snippet:-1","max-image-preview":"max-image-preview:large","max-video-preview":"max-video-preview:-1"},"canonical":"https:\/\/www.eltern-bilinguisme.org\/de\/impressum\/","og_locale":"de_DE","og_type":"article","og_title":"Impressum | Eltern Alsace","og_description":"1. Vorstellung der Internetseite Gem\u00e4\u00df Artikel 6 des Gesetzes Nr. 2004-575 vom 21. Juni 2004 \u00fcber das Vertrauen in die digitale Wirtschaft, wird den Nutzern der Website eltern-bilinguisme.org die Identit\u00e4t der verschiedenen...","og_url":"https:\/\/www.eltern-bilinguisme.org\/de\/impressum\/","og_site_name":"Eltern Alsace","article_publisher":"https:\/\/www.facebook.com\/ElternAlsace","article_modified_time":"2024-08-01T09:27:08+00:00","twitter_card":"summary_large_image","twitter_misc":{"Gesch\u00e4tzte Lesezeit":"5\u00a0Minuten"},"schema":{"@context":"https:\/\/schema.org","@graph":[{"@type":"WebPage","@id":"https:\/\/www.eltern-bilinguisme.org\/de\/impressum\/","url":"https:\/\/www.eltern-bilinguisme.org\/de\/impressum\/","name":"Impressum | Eltern Alsace","isPartOf":{"@id":"https:\/\/www.eltern-bilinguisme.org\/de\/#website"},"datePublished":"2022-08-31T11:52:12+00:00","dateModified":"2024-08-01T09:27:08+00:00","breadcrumb":{"@id":"https:\/\/www.eltern-bilinguisme.org\/de\/impressum\/#breadcrumb"},"inLanguage":"de","potentialAction":[{"@type":"ReadAction","target":["https:\/\/www.eltern-bilinguisme.org\/de\/impressum\/"]}]},{"@type":"BreadcrumbList","@id":"https:\/\/www.eltern-bilinguisme.org\/de\/impressum\/#breadcrumb","itemListElement":[{"@type":"ListItem","position":1,"name":"Accueil","item":"https:\/\/www.eltern-bilinguisme.org\/de\/"},{"@type":"ListItem","position":2,"name":"Impressum"}]},{"@type":"WebSite","@id":"https:\/\/www.eltern-bilinguisme.org\/de\/#website","url":"https:\/\/www.eltern-bilinguisme.org\/de\/","name":"Eltern Alsace","description":"Etre bilingue, c&#039;est mettre deux fois plus de chances de son c\u00f4t\u00e9 !","publisher":{"@id":"https:\/\/www.eltern-bilinguisme.org\/de\/#organization"},"potentialAction":[{"@type":"SearchAction","target":{"@type":"EntryPoint","urlTemplate":"https:\/\/www.eltern-bilinguisme.org\/de\/?s={search_term_string}"},"query-input":"required name=search_term_string"}],"inLanguage":"de"},{"@type":"Organization","@id":"https:\/\/www.eltern-bilinguisme.org\/de\/#organization","name":"Eltern Alsace","url":"https:\/\/www.eltern-bilinguisme.org\/de\/","logo":{"@type":"ImageObject","inLanguage":"de","@id":"https:\/\/www.eltern-bilinguisme.org\/de\/#\/schema\/logo\/image\/","url":"https:\/\/www.eltern-bilinguisme.org\/wp-content\/uploads\/2022\/08\/logo-footer.png","contentUrl":"https:\/\/www.eltern-bilinguisme.org\/wp-content\/uploads\/2022\/08\/logo-footer.png","width":301,"height":178,"caption":"Eltern Alsace"},"image":{"@id":"https:\/\/www.eltern-bilinguisme.org\/de\/#\/schema\/logo\/image\/"},"sameAs":["https:\/\/www.facebook.com\/ElternAlsace","https:\/\/www.instagram.com\/elternalsace\/"]}]}},"publishpress_future_action":{"enabled":false,"date":"1970-01-01 01:00:00","action":"","terms":[],"taxonomy":"","browser_timezone_offset":0},"_links":{"self":[{"href":"https:\/\/www.eltern-bilinguisme.org\/de\/wp-json\/wp\/v2\/pages\/5227"}],"collection":[{"href":"https:\/\/www.eltern-bilinguisme.org\/de\/wp-json\/wp\/v2\/pages"}],"about":[{"href":"https:\/\/www.eltern-bilinguisme.org\/de\/wp-json\/wp\/v2\/types\/page"}],"author":[{"embeddable":true,"href":"https:\/\/www.eltern-bilinguisme.org\/de\/wp-json\/wp\/v2\/users\/2"}],"replies":[{"embeddable":true,"href":"https:\/\/www.eltern-bilinguisme.org\/de\/wp-json\/wp\/v2\/comments?post=5227"}],"version-history":[{"count":1,"href":"https:\/\/www.eltern-bilinguisme.org\/de\/wp-json\/wp\/v2\/pages\/5227\/revisions"}],"predecessor-version":[{"id":5228,"href":"https:\/\/www.eltern-bilinguisme.org\/de\/wp-json\/wp\/v2\/pages\/5227\/revisions\/5228"}],"wp:attachment":[{"href":"https:\/\/www.eltern-bilinguisme.org\/de\/wp-json\/wp\/v2\/media?parent=5227"}],"curies":[{"name":"wp","href":"https:\/\/api.w.org\/{rel}","templated":true}]}}