{"id":5401,"date":"2024-05-22T13:10:47","date_gmt":"2024-05-22T11:10:47","guid":{"rendered":"https:\/\/www.eltern-bilinguisme.org\/werden-sie-mitglied-der-unterstuetzer-des-vereins-eltern-alsace\/"},"modified":"2024-09-30T12:18:54","modified_gmt":"2024-09-30T10:18:54","slug":"werden-sie-mitglied-der-unterstuetzer-des-vereins-eltern-alsace","status":"publish","type":"page","link":"https:\/\/www.eltern-bilinguisme.org\/de\/werden-sie-mitglied-der-unterstuetzer-des-vereins-eltern-alsace\/","title":{"rendered":"Werden Sie Mitglied der Unterst\u00fctzer des Vereins Eltern Alsace"},"content":{"rendered":"\n<p>Seit fast 30 Jahren begleitet Eltern Alsace Ihre Kinder beim Erlernen der deutsch-els\u00e4ssischen Sprache. Zur Vertiefung dieser Aufgabe leitet der Verein die grenz\u00fcberschreitenden Projekte <strong><a href=\"https:\/\/www.eurostage2020.com\/de\/startseite\">Eltern Alsace &#8211; EUROSTAGES<\/a><\/strong> und <a href=\"https:\/\/www.eltern-bilinguisme.org\/de\/recrutorrs\/\"><strong>RecrutoRRs<\/strong><\/a>, die mit der Unterst\u00fctzung der trinationalen Partnern hervorragende Ergebnisse erzielen. <\/p>\n\n\n\n<p>Der Verein m\u00f6chte m\u00f6glichst viele Eltern gegen\u00fcber den Entscheidungsinstanzen vertreten und seine Position vor seinen Partnern festigen. Daher hat Eltern Alsace beschlossen, Ihnen die M\u00f6glichkeit zu geben, uns bei unseren Aufgaben zu begleiten und zu unterst\u00fctzen, indem Sie Mitglied unserer Gemeinschaft von Unterst\u00fctzern des Vereins werden. <\/p>\n\n\n\n<p>Ob Sie bereits Mitglied bei Eltern Alsace sind, fr\u00fcher Mitglied waren, zweisprachiger Lehrer sind, von unseren grenz\u00fcberschreitenden Projekten profitieren oder einfach nur B\u00fcrger sind &#8211; Sie sind herzlich willkommen!<\/p>\n\n\n\n<div style=\"height:26px\" aria-hidden=\"true\" class=\"wp-block-spacer\"><\/div>\n\n\n\n<div class=\"wp-block-essential-blocks-accordion\"><div class=\"eb-parent-wrapper eb-parent-eb-accordion-17eszhp \"><div class=\"eb-accordion-container eb-accordion-17eszhp\" data-accordion-type=\"accordion\" data-tab-icon=\"fas fa-angle-right\" data-expanded-icon=\"fas fa-angle-down\"><div class=\"eb-accordion-inner\">\n<div class=\"eb-accordion-item-4szwi37 eb-accordion-wrapper\" data-clickable=\"false\"><div class=\"eb-accordion-title-wrapper\"><span class=\"eb-accordion-icon-wrapper\"><span class=\"fas fa-angle-right eb-accordion-icon\"><\/span><\/span><h3 class=\"eb-accordion-title\"><strong>Warum sollten Sie sich dem Netzwerk anschlie\u00dfen?<\/strong><\/h3><\/div><div class=\"eb-accordion-content-wrapper\"><div class=\"eb-accordion-content\">\n<p style=\"font-size:16px\">Wenn Sie sich unseren Unterst\u00fctzern anschlie\u00dfen, haben Sie die M\u00f6glichkeit:<\/p>\n\n\n\n<ul>\n<li style=\"font-size:16px\">Ihr Interesse und Ihre Unterst\u00fctzung f\u00fcr unsere Aufgaben und unser Engagement zu bezeugen<\/li>\n\n\n\n<li style=\"font-size:16px\">Die Entwicklung des zweisprachigen Angebots im Elsass zu f\u00f6rdern<\/li>\n\n\n\n<li style=\"font-size:16px\">Ihre Stimme vor den Entscheidungsinstanzen zu vertreten, mit einem engagierten Verein an Ihrer Seite<\/li>\n\n\n\n<li style=\"font-size:16px\">Unsere Repr\u00e4sentativit\u00e4t bei unseren trinationalen Partnern zu erweitern<\/li>\n\n\n\n<li style=\"font-size:16px\">Eltern Alsace f\u00fcr die Begleitung danken, von der Sie profitiert haben (w\u00e4hrend der Schulzeit Ihrer Kinder, im Rahmen ihrer grenz\u00fcberschreitenden Projekte, &#8230;)<\/li>\n\n\n\n<li style=\"font-size:16px\">\u00dcber unsere Aktivit\u00e4ten auf dem Laufenden bleiben<\/li>\n<\/ul>\n<\/div><\/div><\/div>\n\n\n\n<div class=\"eb-accordion-item-xjcbo1e eb-accordion-wrapper\" data-clickable=\"false\"><div class=\"eb-accordion-title-wrapper\"><span class=\"eb-accordion-icon-wrapper\"><span class=\"fas fa-angle-right eb-accordion-icon\"><\/span><\/span><h3 class=\"eb-accordion-title\"><strong>Wie k\u00f6nnen Sie sich anmelden?<\/strong><\/h3><\/div><div class=\"eb-accordion-content-wrapper\"><div class=\"eb-accordion-content\">\n<ul>\n<li style=\"font-size:16px\">F\u00fcllen Sie das untenstehende Formular aus<\/li>\n\n\n\n<li style=\"font-size:16px\">Sie erhalten einen Best\u00e4tigungslink an die eingegebene E-Mail-Adresse<\/li>\n\n\n\n<li style=\"font-size:16px\">Ihre Anmeldung als Unterst\u00fctzer des Vereins ist best\u00e4tigt!<\/li>\n<\/ul>\n<\/div><\/div><\/div>\n\n\n\n<div class=\"eb-accordion-item-3xncu8r eb-accordion-wrapper\" data-clickable=\"false\"><div class=\"eb-accordion-title-wrapper\"><span class=\"eb-accordion-icon-wrapper\"><span class=\"fas fa-angle-right eb-accordion-icon\"><\/span><\/span><h3 class=\"eb-accordion-title\"><strong>Auf welche Weise werden meine Daten verwendet?<\/strong><\/h3><\/div><div class=\"eb-accordion-content-wrapper\"><div class=\"eb-accordion-content\">\n<p style=\"font-size:16px\">Die von Ihnen eingegebenen pers\u00f6nlichen Daten werden ausschlie\u00dflich f\u00fcr den E-Mail-Versand f\u00fcr Info-Mails als Mitglied der Unterst\u00fctzer-Gemeinschaft verwendet.<\/p>\n\n\n\n<p style=\"font-size:16px\">Sie k\u00f6nnen sich von diesem Newsletter abmelden, indem Sie uns direkt kontaktieren oder auf die Schaltfl\u00e4che \u201eAbmelden\u201c klicken, die in zuk\u00fcnftigen E-Mails an Sie sichtbar ist.<\/p>\n<\/div><\/div><\/div>\n<\/div><\/div><\/div><\/div>\n\n\n\n<div style=\"height:50px\" aria-hidden=\"true\" class=\"wp-block-spacer\"><\/div>\n\n\n\n<div style=\"height:35px\" aria-hidden=\"true\" class=\"wp-block-spacer\"><\/div>\n\n\n\n<iframe data-w-type=\"embedded\" frameborder=\"0\" scrolling=\"no\" marginheight=\"0\" marginwidth=\"0\" src=\"https:\/\/0gpv7.mjt.lu\/wgt\/0gpv7\/xt5r\/form?c=5a4ef766\" width=\"100%\" style=\"height: 0;\"><\/iframe>\n\n<script type=\"text\/javascript\" src=\"https:\/\/app.mailjet.com\/pas-nc-embedded-v1.js\"><\/script>\n","protected":false},"excerpt":{"rendered":"<p>Seit fast 30 Jahren begleitet Eltern Alsace Ihre Kinder beim Erlernen der deutsch-els\u00e4ssischen Sprache. Zur Vertiefung dieser Aufgabe leitet der Verein die grenz\u00fcberschreitenden Projekte Eltern Alsace &#8211; EUROSTAGES und RecrutoRRs, die mit&#8230;<\/p>\n","protected":false},"author":2,"featured_media":0,"parent":0,"menu_order":0,"comment_status":"closed","ping_status":"closed","template":"","meta":{"_eb_attr":"","footnotes":""},"acf":[],"yoast_head":"<!-- This site is optimized with the Yoast SEO plugin v20.13 - https:\/\/yoast.com\/wordpress\/plugins\/seo\/ -->\n<title>Werden Sie Mitglied der Unterst\u00fctzer des Vereins Eltern Alsace | Eltern Alsace<\/title>\n<meta name=\"robots\" content=\"index, follow, max-snippet:-1, max-image-preview:large, max-video-preview:-1\" \/>\n<link rel=\"canonical\" href=\"https:\/\/www.eltern-bilinguisme.org\/de\/werden-sie-mitglied-der-unterstuetzer-des-vereins-eltern-alsace\/\" \/>\n<meta property=\"og:locale\" content=\"de_DE\" \/>\n<meta property=\"og:type\" content=\"article\" \/>\n<meta property=\"og:title\" content=\"Werden Sie Mitglied der Unterst\u00fctzer des Vereins Eltern Alsace | Eltern Alsace\" \/>\n<meta property=\"og:description\" content=\"Seit fast 30 Jahren begleitet Eltern Alsace Ihre Kinder beim Erlernen der deutsch-els\u00e4ssischen Sprache. Zur Vertiefung dieser Aufgabe leitet der Verein die grenz\u00fcberschreitenden Projekte Eltern Alsace &#8211; EUROSTAGES und RecrutoRRs, die mit...\" \/>\n<meta property=\"og:url\" content=\"https:\/\/www.eltern-bilinguisme.org\/de\/werden-sie-mitglied-der-unterstuetzer-des-vereins-eltern-alsace\/\" \/>\n<meta property=\"og:site_name\" content=\"Eltern Alsace\" \/>\n<meta property=\"article:publisher\" content=\"https:\/\/www.facebook.com\/ElternAlsace\" \/>\n<meta property=\"article:modified_time\" content=\"2024-09-30T10:18:54+00:00\" \/>\n<meta name=\"twitter:card\" content=\"summary_large_image\" \/>\n<meta name=\"twitter:label1\" content=\"Gesch\u00e4tzte Lesezeit\" \/>\n\t<meta name=\"twitter:data1\" content=\"2\u00a0Minuten\" \/>\n<script type=\"application\/ld+json\" class=\"yoast-schema-graph\">{\"@context\":\"https:\/\/schema.org\",\"@graph\":[{\"@type\":\"WebPage\",\"@id\":\"https:\/\/www.eltern-bilinguisme.org\/de\/werden-sie-mitglied-der-unterstuetzer-des-vereins-eltern-alsace\/\",\"url\":\"https:\/\/www.eltern-bilinguisme.org\/de\/werden-sie-mitglied-der-unterstuetzer-des-vereins-eltern-alsace\/\",\"name\":\"Werden Sie Mitglied der Unterst\u00fctzer des Vereins Eltern Alsace | Eltern Alsace\",\"isPartOf\":{\"@id\":\"https:\/\/www.eltern-bilinguisme.org\/de\/#website\"},\"datePublished\":\"2024-05-22T11:10:47+00:00\",\"dateModified\":\"2024-09-30T10:18:54+00:00\",\"breadcrumb\":{\"@id\":\"https:\/\/www.eltern-bilinguisme.org\/de\/werden-sie-mitglied-der-unterstuetzer-des-vereins-eltern-alsace\/#breadcrumb\"},\"inLanguage\":\"de\",\"potentialAction\":[{\"@type\":\"ReadAction\",\"target\":[\"https:\/\/www.eltern-bilinguisme.org\/de\/werden-sie-mitglied-der-unterstuetzer-des-vereins-eltern-alsace\/\"]}]},{\"@type\":\"BreadcrumbList\",\"@id\":\"https:\/\/www.eltern-bilinguisme.org\/de\/werden-sie-mitglied-der-unterstuetzer-des-vereins-eltern-alsace\/#breadcrumb\",\"itemListElement\":[{\"@type\":\"ListItem\",\"position\":1,\"name\":\"Accueil\",\"item\":\"https:\/\/www.eltern-bilinguisme.org\/de\/\"},{\"@type\":\"ListItem\",\"position\":2,\"name\":\"Werden Sie Mitglied der Unterst\u00fctzer des Vereins Eltern Alsace\"}]},{\"@type\":\"WebSite\",\"@id\":\"https:\/\/www.eltern-bilinguisme.org\/de\/#website\",\"url\":\"https:\/\/www.eltern-bilinguisme.org\/de\/\",\"name\":\"Eltern Alsace\",\"description\":\"Etre bilingue, c&#039;est mettre deux fois plus de chances de son c\u00f4t\u00e9 !\",\"publisher\":{\"@id\":\"https:\/\/www.eltern-bilinguisme.org\/de\/#organization\"},\"potentialAction\":[{\"@type\":\"SearchAction\",\"target\":{\"@type\":\"EntryPoint\",\"urlTemplate\":\"https:\/\/www.eltern-bilinguisme.org\/de\/?s={search_term_string}\"},\"query-input\":\"required name=search_term_string\"}],\"inLanguage\":\"de\"},{\"@type\":\"Organization\",\"@id\":\"https:\/\/www.eltern-bilinguisme.org\/de\/#organization\",\"name\":\"Eltern Alsace\",\"url\":\"https:\/\/www.eltern-bilinguisme.org\/de\/\",\"logo\":{\"@type\":\"ImageObject\",\"inLanguage\":\"de\",\"@id\":\"https:\/\/www.eltern-bilinguisme.org\/de\/#\/schema\/logo\/image\/\",\"url\":\"https:\/\/www.eltern-bilinguisme.org\/wp-content\/uploads\/2022\/08\/logo-footer.png\",\"contentUrl\":\"https:\/\/www.eltern-bilinguisme.org\/wp-content\/uploads\/2022\/08\/logo-footer.png\",\"width\":301,\"height\":178,\"caption\":\"Eltern Alsace\"},\"image\":{\"@id\":\"https:\/\/www.eltern-bilinguisme.org\/de\/#\/schema\/logo\/image\/\"},\"sameAs\":[\"https:\/\/www.facebook.com\/ElternAlsace\",\"https:\/\/www.instagram.com\/elternalsace\/\"]}]}<\/script>\n<!-- \/ Yoast SEO plugin. -->","yoast_head_json":{"title":"Werden Sie Mitglied der Unterst\u00fctzer des Vereins Eltern Alsace | Eltern Alsace","robots":{"index":"index","follow":"follow","max-snippet":"max-snippet:-1","max-image-preview":"max-image-preview:large","max-video-preview":"max-video-preview:-1"},"canonical":"https:\/\/www.eltern-bilinguisme.org\/de\/werden-sie-mitglied-der-unterstuetzer-des-vereins-eltern-alsace\/","og_locale":"de_DE","og_type":"article","og_title":"Werden Sie Mitglied der Unterst\u00fctzer des Vereins Eltern Alsace | Eltern Alsace","og_description":"Seit fast 30 Jahren begleitet Eltern Alsace Ihre Kinder beim Erlernen der deutsch-els\u00e4ssischen Sprache. Zur Vertiefung dieser Aufgabe leitet der Verein die grenz\u00fcberschreitenden Projekte Eltern Alsace &#8211; EUROSTAGES und RecrutoRRs, die mit...","og_url":"https:\/\/www.eltern-bilinguisme.org\/de\/werden-sie-mitglied-der-unterstuetzer-des-vereins-eltern-alsace\/","og_site_name":"Eltern Alsace","article_publisher":"https:\/\/www.facebook.com\/ElternAlsace","article_modified_time":"2024-09-30T10:18:54+00:00","twitter_card":"summary_large_image","twitter_misc":{"Gesch\u00e4tzte Lesezeit":"2\u00a0Minuten"},"schema":{"@context":"https:\/\/schema.org","@graph":[{"@type":"WebPage","@id":"https:\/\/www.eltern-bilinguisme.org\/de\/werden-sie-mitglied-der-unterstuetzer-des-vereins-eltern-alsace\/","url":"https:\/\/www.eltern-bilinguisme.org\/de\/werden-sie-mitglied-der-unterstuetzer-des-vereins-eltern-alsace\/","name":"Werden Sie Mitglied der Unterst\u00fctzer des Vereins Eltern Alsace | Eltern Alsace","isPartOf":{"@id":"https:\/\/www.eltern-bilinguisme.org\/de\/#website"},"datePublished":"2024-05-22T11:10:47+00:00","dateModified":"2024-09-30T10:18:54+00:00","breadcrumb":{"@id":"https:\/\/www.eltern-bilinguisme.org\/de\/werden-sie-mitglied-der-unterstuetzer-des-vereins-eltern-alsace\/#breadcrumb"},"inLanguage":"de","potentialAction":[{"@type":"ReadAction","target":["https:\/\/www.eltern-bilinguisme.org\/de\/werden-sie-mitglied-der-unterstuetzer-des-vereins-eltern-alsace\/"]}]},{"@type":"BreadcrumbList","@id":"https:\/\/www.eltern-bilinguisme.org\/de\/werden-sie-mitglied-der-unterstuetzer-des-vereins-eltern-alsace\/#breadcrumb","itemListElement":[{"@type":"ListItem","position":1,"name":"Accueil","item":"https:\/\/www.eltern-bilinguisme.org\/de\/"},{"@type":"ListItem","position":2,"name":"Werden Sie Mitglied der Unterst\u00fctzer des Vereins Eltern Alsace"}]},{"@type":"WebSite","@id":"https:\/\/www.eltern-bilinguisme.org\/de\/#website","url":"https:\/\/www.eltern-bilinguisme.org\/de\/","name":"Eltern Alsace","description":"Etre bilingue, c&#039;est mettre deux fois plus de chances de son c\u00f4t\u00e9 !","publisher":{"@id":"https:\/\/www.eltern-bilinguisme.org\/de\/#organization"},"potentialAction":[{"@type":"SearchAction","target":{"@type":"EntryPoint","urlTemplate":"https:\/\/www.eltern-bilinguisme.org\/de\/?s={search_term_string}"},"query-input":"required name=search_term_string"}],"inLanguage":"de"},{"@type":"Organization","@id":"https:\/\/www.eltern-bilinguisme.org\/de\/#organization","name":"Eltern Alsace","url":"https:\/\/www.eltern-bilinguisme.org\/de\/","logo":{"@type":"ImageObject","inLanguage":"de","@id":"https:\/\/www.eltern-bilinguisme.org\/de\/#\/schema\/logo\/image\/","url":"https:\/\/www.eltern-bilinguisme.org\/wp-content\/uploads\/2022\/08\/logo-footer.png","contentUrl":"https:\/\/www.eltern-bilinguisme.org\/wp-content\/uploads\/2022\/08\/logo-footer.png","width":301,"height":178,"caption":"Eltern Alsace"},"image":{"@id":"https:\/\/www.eltern-bilinguisme.org\/de\/#\/schema\/logo\/image\/"},"sameAs":["https:\/\/www.facebook.com\/ElternAlsace","https:\/\/www.instagram.com\/elternalsace\/"]}]}},"publishpress_future_action":{"enabled":false,"date":"1970-01-01 01:00:00","action":"","terms":[],"taxonomy":"","browser_timezone_offset":0},"_links":{"self":[{"href":"https:\/\/www.eltern-bilinguisme.org\/de\/wp-json\/wp\/v2\/pages\/5401"}],"collection":[{"href":"https:\/\/www.eltern-bilinguisme.org\/de\/wp-json\/wp\/v2\/pages"}],"about":[{"href":"https:\/\/www.eltern-bilinguisme.org\/de\/wp-json\/wp\/v2\/types\/page"}],"author":[{"embeddable":true,"href":"https:\/\/www.eltern-bilinguisme.org\/de\/wp-json\/wp\/v2\/users\/2"}],"replies":[{"embeddable":true,"href":"https:\/\/www.eltern-bilinguisme.org\/de\/wp-json\/wp\/v2\/comments?post=5401"}],"version-history":[{"count":5,"href":"https:\/\/www.eltern-bilinguisme.org\/de\/wp-json\/wp\/v2\/pages\/5401\/revisions"}],"predecessor-version":[{"id":5407,"href":"https:\/\/www.eltern-bilinguisme.org\/de\/wp-json\/wp\/v2\/pages\/5401\/revisions\/5407"}],"wp:attachment":[{"href":"https:\/\/www.eltern-bilinguisme.org\/de\/wp-json\/wp\/v2\/media?parent=5401"}],"curies":[{"name":"wp","href":"https:\/\/api.w.org\/{rel}","templated":true}]}}