{"id":823,"date":"2022-08-31T14:50:54","date_gmt":"2022-08-31T12:50:54","guid":{"rendered":"https:\/\/www.eltern-bilinguisme.org\/vorstellung\/"},"modified":"2023-02-28T11:50:54","modified_gmt":"2023-02-28T10:50:54","slug":"vorstellung","status":"publish","type":"page","link":"https:\/\/www.eltern-bilinguisme.org\/de\/vorstellung\/","title":{"rendered":"Vorstellung"},"content":{"rendered":"\n<figure class=\"wp-block-embed aligncenter is-type-video is-provider-youtube wp-block-embed-youtube wp-embed-aspect-16-9 wp-has-aspect-ratio\"><div class=\"wp-block-embed__wrapper\">\n<iframe loading=\"lazy\" title=\"\ud83c\uddeb\ud83c\uddf7 Pr\u00e9sentation Eltern Alsace | \ud83c\udde9\ud83c\uddea Vorstellung Eltern Alsace\" width=\"1170\" height=\"658\" src=\"https:\/\/www.youtube.com\/embed\/BJGj-oHwNic?feature=oembed\" frameborder=\"0\" allow=\"accelerometer; autoplay; clipboard-write; encrypted-media; gyroscope; picture-in-picture\" allowfullscreen><\/iframe>\n<\/div><\/figure>\n\n<div style=\"height:40px\" aria-hidden=\"true\" class=\"wp-block-spacer\"><\/div>\n\n<div class=\"wp-block-columns is-layout-flex wp-container-core-columns-is-layout-1 wp-block-columns-is-layout-flex\">\n<div class=\"wp-block-column is-layout-flow wp-block-column-is-layout-flow\" style=\"flex-basis:48%\">\n<p style=\"font-size:1.17em\">Eltern Alsace ist eine Vereinigung vertreten durch Eltern, die von der Education Nationale (Bildungswesen) anerkannt und 1995 von Eltern gegr\u00fcndet wurde, um alle Initiativen, die darauf abzielen, das Erlernen der deutschen Sprache zu erleichtern, zu f\u00f6rdern und zu unterst\u00fctzen.<\/p>\n\n\n\n<div style=\"height:1.5em\" aria-hidden=\"true\" class=\"wp-block-spacer\"><\/div>\n\n\n\n<p>Die Aktion Eltern Alsace, unterst\u00fctzt und finanziert von der Collectivit\u00e9 europ\u00e9enne d\u2018Alsace und von der Region Grand Est, hat im Wesentlichen drei Ziele:<\/p>\n\n\n\n<ul style=\"font-size:1.17em\">\n<li><strong>Den zweisprachigen Unterricht im Elsass zu f\u00f6rdern und zu entwickeln,<\/strong><\/li>\n\n\n\n<li><strong>Sie w\u00e4hrend der ganzen Schulzeit Ihrer Kinder zu informieren und zu begleiten,<\/strong><\/li>\n\n\n\n<li><strong>Sie bei verschiedenen Institutionen zu vertreten.<\/strong><\/li>\n<\/ul>\n\n\n\n<p>Um diese Aufgaben erfolgreich durchzuf\u00fchren, st\u00fctzt sich Eltern Alsace auf ein Team ehrenamtlicher und erfahrener Elternvertreter\/innen. Sie k\u00f6nnen auf diese Personen und deren jahrelange Erfahrung z\u00e4hlen.<br\/>Z\u00f6gern Sie nicht, sich mit der Vereinigung in Verbindung zu setzen.<\/p>\n\n\n\n<div class=\"wp-block-buttons is-layout-flex wp-block-buttons-is-layout-flex\">\n<div class=\"wp-block-button\"><a class=\"wp-block-button__link wp-element-button\" href=\"https:\/\/www.eltern-bilinguisme.org\/de\/kontaktdaten\/\">Kontakt<\/a><\/div>\n<\/div>\n\n\n\n<div style=\"height:3.95em\" aria-hidden=\"true\" class=\"wp-block-spacer\"><\/div>\n\n\n\n<figure class=\"wp-block-image size-full\"><img loading=\"lazy\" decoding=\"async\" width=\"793\" height=\"675\" src=\"https:\/\/www.eltern-bilinguisme.org\/wp-content\/uploads\/2022\/10\/ELTERN_visuel-presentation_793x675px.jpg\" alt=\"\" class=\"wp-image-594\" srcset=\"https:\/\/www.eltern-bilinguisme.org\/wp-content\/uploads\/2022\/10\/ELTERN_visuel-presentation_793x675px.jpg 793w, https:\/\/www.eltern-bilinguisme.org\/wp-content\/uploads\/2022\/10\/ELTERN_visuel-presentation_793x675px-768x654.jpg 768w\" sizes=\"(max-width: 793px) 100vw, 793px\" \/><\/figure><\/div>\n\n\n\n<div class=\"wp-block-column is-layout-flow wp-block-column-is-layout-flow\" style=\"flex-basis:52%\">\n<div class=\"wp-block-media-text alignwide is-stacked-on-mobile is-vertically-aligned-top\" style=\"grid-template-columns:15% auto\"><figure class=\"wp-block-media-text__media\"><img decoding=\"async\" src=\"https:\/\/www.eltern-bilinguisme.org\/wp-content\/uploads\/2022\/09\/picto-promouvoir.svg\" alt=\"Entwickeln\" class=\"wp-image-94 size-full\"\/><\/figure><div class=\"wp-block-media-text__content\">\n<h2 class=\"wp-block-heading\">Den zweisprachigen Unterricht im Elsass zu f\u00f6rdern und zu entwickeln,<\/h2>\n\n\n\n<ul>\n<li>Verbreiten von Informationen \u00fcber den zweisprachigen Unterricht (Wegweiser zum zweisprachigen Unterricht im Kindergarten, in der Grundschule und im Coll\u00e8ge, Informationsbrosch\u00fcre f\u00fcr Eltern mit noch nicht eingeschulten Kindern, &#8230;),<\/li>\n\n\n\n<li>Pr\u00e4senz auf Veranstaltungen (Messen und Foren, &#8230;) f\u00fcr einen direkten Kontakt mit Ihnen,<\/li>\n\n\n\n<li>Beantwortung aller Ihrer Fragen zum zweisprachigen Unterricht (per E-Mail, Telefon oder direkten Kontakt),<\/li>\n\n\n\n<li>Fortbestand bestehender zweisprachiger Schulen und deren Betreuung,<\/li>\n\n\n\n<li>Er\u00f6ffnung neuer zweisprachiger Schulen mit Unterst\u00fctzung der Projektleiter (Eltern, Gemeindevertreter\/innen, &#8230;).<\/li>\n<\/ul>\n<\/div><\/div>\n\n\n\n<div style=\"height:25px\" aria-hidden=\"true\" class=\"wp-block-spacer\"><\/div>\n\n\n\n<div class=\"wp-block-media-text alignwide is-stacked-on-mobile is-vertically-aligned-top\" style=\"grid-template-columns:15% auto\"><figure class=\"wp-block-media-text__media\"><img decoding=\"async\" src=\"https:\/\/www.eltern-bilinguisme.org\/wp-content\/uploads\/2022\/09\/picto-informer.svg\" alt=\"Sie informieren\" class=\"wp-image-95 size-full\"\/><\/figure><div class=\"wp-block-media-text__content\">\n<h2 class=\"wp-block-heading\">Sie w\u00e4hrend der ganzen Schulzeit Ihrer Kinder zu informieren und zu begleiten,<\/h2>\n\n\n\n<h3 class=\"wp-block-heading\" style=\"text-transform:uppercase\">Vor dem zweisprachigen Unterricht<\/h3>\n\n\n\n<ul>\n<li>Verbreiten von Informationen \u00fcber den zweisprachigen Unterricht (Wegweiser zum zweisprachigen Unterricht im Kindergarten, in der Grundschule und im Coll\u00e8ge, Informationsbrosch\u00fcre f\u00fcr Eltern mit noch nicht eingeschulten Kindern, &#8230;),<\/li>\n\n\n\n<li>Pr\u00e4senz auf Veranstaltungen (Messen und Foren, &#8230;) f\u00fcr einen direkten Kontakt mit Ihnen,<\/li>\n\n\n\n<li>Beantwortung aller Ihrer Fragen zum zweisprachigen Unterricht (per E-Mail, Telefon oder direkten Kontakt),<\/li>\n\n\n\n<li>Fortbestand bestehender zweisprachiger Schulen und deren Betreuung,<\/li>\n\n\n\n<li>Er\u00f6ffnung neuer zweisprachiger Schulen mit Unterst\u00fctzung der Projektleiter (Eltern, Gemeindevertreter\/innen, &#8230;).<\/li>\n<\/ul>\n\n\n\n<h3 class=\"wp-block-heading\" style=\"text-transform:uppercase\">W\u00e4hrend des zweisprachigen Unterrichts<\/h3>\n\n\n\n<ul>\n<li>F\u00f6rderung der deutschen Sprache in der Lebenswelt Ihres Kindes:<\/li>\n\n\n\n<li>Informationen \u00fcber Austauschm\u00f6glichkeiten (grenz\u00fcberschreitender Austausch im famili\u00e4ren oder schulischen Rahmen, als Au-pair arbeiten, &#8230;),<\/li>\n\n\n\n<li>Informationen \u00fcber zus\u00e4tzliche p\u00e4dagogische Hilfsmittel f\u00fcr den Gebrauch in der Familie oder der Schule (Liste der Buchh\u00e4ndler\/innen und Bibliotheken, die eine deutschsprachige Jugendbuchabteilung haben, Abonnements deutschsprachiger Zeitschriften, andere Medien, &#8230;),<\/li>\n\n\n\n<li>Informationen \u00fcber au\u00dferschulische Aktivit\u00e4ten auf Deutsch,<\/li>\n<\/ul>\n<\/div><\/div>\n\n\n\n<div style=\"height:25px\" aria-hidden=\"true\" class=\"wp-block-spacer\"><\/div>\n\n\n\n<div class=\"wp-block-media-text alignwide is-stacked-on-mobile is-vertically-aligned-top\" style=\"grid-template-columns:15% auto\"><figure class=\"wp-block-media-text__media\"><img decoding=\"async\" src=\"https:\/\/www.eltern-bilinguisme.org\/wp-content\/uploads\/2022\/09\/picto-representer.svg\" alt=\"Vertreten\" class=\"wp-image-96 size-full\"\/><\/figure><div class=\"wp-block-media-text__content\">\n<h2 class=\"wp-block-heading\">Um Sie bei verschiedenen Institutionen<br\/>zu vertreten<\/h2>\n\n\n\n<ul>\n<li>Bei Beh\u00f6rden und des Schulwesens: Rektorat, \u201eInspection d\u2019Acad\u00e9mie der Departements Haut-Rhin und Bas-Rhin\u201c, Schulaufsicht, \u201eColl\u00e8ges\u201c und andere Schulen,<\/li>\n\n\n\n<li>Bei anderen Vereinigungen vertreten durch Eltern,<\/li>\n\n\n\n<li>In der Presse und den verschiedenen Kolloquien und Treffen zum Thema der Zweisprachigkeit.<\/li>\n<\/ul>\n<\/div><\/div>\n<\/div>\n<\/div>\n","protected":false},"excerpt":{"rendered":"<p>Eltern Alsace ist eine Vereinigung vertreten durch Eltern, die von der Education Nationale (Bildungswesen) anerkannt und 1995 von Eltern gegr\u00fcndet wurde, um alle Initiativen, die darauf abzielen, das Erlernen der deutschen Sprache&#8230;<\/p>\n","protected":false},"author":2,"featured_media":830,"parent":0,"menu_order":0,"comment_status":"closed","ping_status":"closed","template":"","meta":{"_eb_attr":"","footnotes":""},"acf":[],"yoast_head":"<!-- This site is optimized with the Yoast SEO plugin v20.13 - https:\/\/yoast.com\/wordpress\/plugins\/seo\/ -->\n<title>Vorstellung | Eltern Alsace<\/title>\n<meta name=\"robots\" content=\"index, follow, max-snippet:-1, max-image-preview:large, max-video-preview:-1\" \/>\n<link rel=\"canonical\" href=\"https:\/\/www.eltern-bilinguisme.org\/de\/vorstellung\/\" \/>\n<meta property=\"og:locale\" content=\"de_DE\" \/>\n<meta property=\"og:type\" content=\"article\" \/>\n<meta property=\"og:title\" content=\"Vorstellung | Eltern Alsace\" \/>\n<meta property=\"og:description\" content=\"Eltern Alsace ist eine Vereinigung vertreten durch Eltern, die von der Education Nationale (Bildungswesen) anerkannt und 1995 von Eltern gegr\u00fcndet wurde, um alle Initiativen, die darauf abzielen, das Erlernen der deutschen Sprache...\" \/>\n<meta property=\"og:url\" content=\"https:\/\/www.eltern-bilinguisme.org\/de\/vorstellung\/\" \/>\n<meta property=\"og:site_name\" content=\"Eltern Alsace\" \/>\n<meta property=\"article:publisher\" content=\"https:\/\/www.facebook.com\/ElternAlsace\" \/>\n<meta property=\"article:modified_time\" content=\"2023-02-28T10:50:54+00:00\" \/>\n<meta property=\"og:image\" content=\"https:\/\/www.eltern-bilinguisme.org\/wp-content\/uploads\/2022\/10\/ELTERN_banniere_presentation_2560x860px.jpg\" \/>\n\t<meta property=\"og:image:width\" content=\"2560\" \/>\n\t<meta property=\"og:image:height\" content=\"860\" \/>\n\t<meta property=\"og:image:type\" content=\"image\/jpeg\" \/>\n<meta name=\"twitter:card\" content=\"summary_large_image\" \/>\n<meta name=\"twitter:label1\" content=\"Gesch\u00e4tzte Lesezeit\" \/>\n\t<meta name=\"twitter:data1\" content=\"2\u00a0Minuten\" \/>\n<script type=\"application\/ld+json\" class=\"yoast-schema-graph\">{\"@context\":\"https:\/\/schema.org\",\"@graph\":[{\"@type\":\"WebPage\",\"@id\":\"https:\/\/www.eltern-bilinguisme.org\/de\/vorstellung\/\",\"url\":\"https:\/\/www.eltern-bilinguisme.org\/de\/vorstellung\/\",\"name\":\"Vorstellung | Eltern Alsace\",\"isPartOf\":{\"@id\":\"https:\/\/www.eltern-bilinguisme.org\/de\/#website\"},\"datePublished\":\"2022-08-31T12:50:54+00:00\",\"dateModified\":\"2023-02-28T10:50:54+00:00\",\"breadcrumb\":{\"@id\":\"https:\/\/www.eltern-bilinguisme.org\/de\/vorstellung\/#breadcrumb\"},\"inLanguage\":\"de\",\"potentialAction\":[{\"@type\":\"ReadAction\",\"target\":[\"https:\/\/www.eltern-bilinguisme.org\/de\/vorstellung\/\"]}]},{\"@type\":\"BreadcrumbList\",\"@id\":\"https:\/\/www.eltern-bilinguisme.org\/de\/vorstellung\/#breadcrumb\",\"itemListElement\":[{\"@type\":\"ListItem\",\"position\":1,\"name\":\"Accueil\",\"item\":\"https:\/\/www.eltern-bilinguisme.org\/de\/\"},{\"@type\":\"ListItem\",\"position\":2,\"name\":\"Vorstellung\"}]},{\"@type\":\"WebSite\",\"@id\":\"https:\/\/www.eltern-bilinguisme.org\/de\/#website\",\"url\":\"https:\/\/www.eltern-bilinguisme.org\/de\/\",\"name\":\"Eltern Alsace\",\"description\":\"Etre bilingue, c&#039;est mettre deux fois plus de chances de son c\u00f4t\u00e9 !\",\"publisher\":{\"@id\":\"https:\/\/www.eltern-bilinguisme.org\/de\/#organization\"},\"potentialAction\":[{\"@type\":\"SearchAction\",\"target\":{\"@type\":\"EntryPoint\",\"urlTemplate\":\"https:\/\/www.eltern-bilinguisme.org\/de\/?s={search_term_string}\"},\"query-input\":\"required name=search_term_string\"}],\"inLanguage\":\"de\"},{\"@type\":\"Organization\",\"@id\":\"https:\/\/www.eltern-bilinguisme.org\/de\/#organization\",\"name\":\"Eltern Alsace\",\"url\":\"https:\/\/www.eltern-bilinguisme.org\/de\/\",\"logo\":{\"@type\":\"ImageObject\",\"inLanguage\":\"de\",\"@id\":\"https:\/\/www.eltern-bilinguisme.org\/de\/#\/schema\/logo\/image\/\",\"url\":\"https:\/\/www.eltern-bilinguisme.org\/wp-content\/uploads\/2022\/08\/logo-footer.png\",\"contentUrl\":\"https:\/\/www.eltern-bilinguisme.org\/wp-content\/uploads\/2022\/08\/logo-footer.png\",\"width\":301,\"height\":178,\"caption\":\"Eltern Alsace\"},\"image\":{\"@id\":\"https:\/\/www.eltern-bilinguisme.org\/de\/#\/schema\/logo\/image\/\"},\"sameAs\":[\"https:\/\/www.facebook.com\/ElternAlsace\",\"https:\/\/www.instagram.com\/elternalsace\/\"]}]}<\/script>\n<!-- \/ Yoast SEO plugin. -->","yoast_head_json":{"title":"Vorstellung | Eltern Alsace","robots":{"index":"index","follow":"follow","max-snippet":"max-snippet:-1","max-image-preview":"max-image-preview:large","max-video-preview":"max-video-preview:-1"},"canonical":"https:\/\/www.eltern-bilinguisme.org\/de\/vorstellung\/","og_locale":"de_DE","og_type":"article","og_title":"Vorstellung | Eltern Alsace","og_description":"Eltern Alsace ist eine Vereinigung vertreten durch Eltern, die von der Education Nationale (Bildungswesen) anerkannt und 1995 von Eltern gegr\u00fcndet wurde, um alle Initiativen, die darauf abzielen, das Erlernen der deutschen Sprache...","og_url":"https:\/\/www.eltern-bilinguisme.org\/de\/vorstellung\/","og_site_name":"Eltern Alsace","article_publisher":"https:\/\/www.facebook.com\/ElternAlsace","article_modified_time":"2023-02-28T10:50:54+00:00","og_image":[{"width":2560,"height":860,"url":"https:\/\/www.eltern-bilinguisme.org\/wp-content\/uploads\/2022\/10\/ELTERN_banniere_presentation_2560x860px.jpg","type":"image\/jpeg"}],"twitter_card":"summary_large_image","twitter_misc":{"Gesch\u00e4tzte Lesezeit":"2\u00a0Minuten"},"schema":{"@context":"https:\/\/schema.org","@graph":[{"@type":"WebPage","@id":"https:\/\/www.eltern-bilinguisme.org\/de\/vorstellung\/","url":"https:\/\/www.eltern-bilinguisme.org\/de\/vorstellung\/","name":"Vorstellung | Eltern Alsace","isPartOf":{"@id":"https:\/\/www.eltern-bilinguisme.org\/de\/#website"},"datePublished":"2022-08-31T12:50:54+00:00","dateModified":"2023-02-28T10:50:54+00:00","breadcrumb":{"@id":"https:\/\/www.eltern-bilinguisme.org\/de\/vorstellung\/#breadcrumb"},"inLanguage":"de","potentialAction":[{"@type":"ReadAction","target":["https:\/\/www.eltern-bilinguisme.org\/de\/vorstellung\/"]}]},{"@type":"BreadcrumbList","@id":"https:\/\/www.eltern-bilinguisme.org\/de\/vorstellung\/#breadcrumb","itemListElement":[{"@type":"ListItem","position":1,"name":"Accueil","item":"https:\/\/www.eltern-bilinguisme.org\/de\/"},{"@type":"ListItem","position":2,"name":"Vorstellung"}]},{"@type":"WebSite","@id":"https:\/\/www.eltern-bilinguisme.org\/de\/#website","url":"https:\/\/www.eltern-bilinguisme.org\/de\/","name":"Eltern Alsace","description":"Etre bilingue, c&#039;est mettre deux fois plus de chances de son c\u00f4t\u00e9 !","publisher":{"@id":"https:\/\/www.eltern-bilinguisme.org\/de\/#organization"},"potentialAction":[{"@type":"SearchAction","target":{"@type":"EntryPoint","urlTemplate":"https:\/\/www.eltern-bilinguisme.org\/de\/?s={search_term_string}"},"query-input":"required name=search_term_string"}],"inLanguage":"de"},{"@type":"Organization","@id":"https:\/\/www.eltern-bilinguisme.org\/de\/#organization","name":"Eltern Alsace","url":"https:\/\/www.eltern-bilinguisme.org\/de\/","logo":{"@type":"ImageObject","inLanguage":"de","@id":"https:\/\/www.eltern-bilinguisme.org\/de\/#\/schema\/logo\/image\/","url":"https:\/\/www.eltern-bilinguisme.org\/wp-content\/uploads\/2022\/08\/logo-footer.png","contentUrl":"https:\/\/www.eltern-bilinguisme.org\/wp-content\/uploads\/2022\/08\/logo-footer.png","width":301,"height":178,"caption":"Eltern Alsace"},"image":{"@id":"https:\/\/www.eltern-bilinguisme.org\/de\/#\/schema\/logo\/image\/"},"sameAs":["https:\/\/www.facebook.com\/ElternAlsace","https:\/\/www.instagram.com\/elternalsace\/"]}]}},"publishpress_future_action":{"enabled":false,"date":"1970-01-01 01:00:00","action":"","terms":[],"taxonomy":"","browser_timezone_offset":0},"_links":{"self":[{"href":"https:\/\/www.eltern-bilinguisme.org\/de\/wp-json\/wp\/v2\/pages\/823"}],"collection":[{"href":"https:\/\/www.eltern-bilinguisme.org\/de\/wp-json\/wp\/v2\/pages"}],"about":[{"href":"https:\/\/www.eltern-bilinguisme.org\/de\/wp-json\/wp\/v2\/types\/page"}],"author":[{"embeddable":true,"href":"https:\/\/www.eltern-bilinguisme.org\/de\/wp-json\/wp\/v2\/users\/2"}],"replies":[{"embeddable":true,"href":"https:\/\/www.eltern-bilinguisme.org\/de\/wp-json\/wp\/v2\/comments?post=823"}],"version-history":[{"count":18,"href":"https:\/\/www.eltern-bilinguisme.org\/de\/wp-json\/wp\/v2\/pages\/823\/revisions"}],"predecessor-version":[{"id":2478,"href":"https:\/\/www.eltern-bilinguisme.org\/de\/wp-json\/wp\/v2\/pages\/823\/revisions\/2478"}],"wp:featuredmedia":[{"embeddable":true,"href":"https:\/\/www.eltern-bilinguisme.org\/de\/wp-json\/wp\/v2\/media\/830"}],"wp:attachment":[{"href":"https:\/\/www.eltern-bilinguisme.org\/de\/wp-json\/wp\/v2\/media?parent=823"}],"curies":[{"name":"wp","href":"https:\/\/api.w.org\/{rel}","templated":true}]}}