{"id":865,"date":"2022-09-14T15:39:40","date_gmt":"2022-09-14T13:39:40","guid":{"rendered":"https:\/\/www.eltern-bilinguisme.org\/aussenstellen\/"},"modified":"2024-10-23T12:08:41","modified_gmt":"2024-10-23T10:08:41","slug":"aussenstellen","status":"publish","type":"page","link":"https:\/\/www.eltern-bilinguisme.org\/de\/aussenstellen\/","title":{"rendered":"Au\u00dfenstellen"},"content":{"rendered":"\n<p>Wir wollen so nah wie m\u00f6glich an unseren Mitgliedern sein, daher verf\u00fcgt Eltern Alsace \u00fcber 17 Au\u00dfenstellen:<\/p>\n\n\n\n<div data-wp-interactive=\"core\/file\" class=\"wp-block-file\"><object data-wp-bind--hidden=\"!state.hasPdfPreview\"  class=\"wp-block-file__embed\" data=\"https:\/\/www.eltern-bilinguisme.org\/wp-content\/uploads\/2024\/10\/20231003-Cartes-des-antennes-ELTERN-version-allemande.pdf\" type=\"application\/pdf\" style=\"width:100%;height:600px\" aria-label=\"Einbettung von Au\u00dfenstellen.\"><\/object><a id=\"wp-block-file--media-2a42112f-efef-4f21-bd24-9a521c6ba288\" href=\"https:\/\/www.eltern-bilinguisme.org\/wp-content\/uploads\/2024\/10\/20231003-Cartes-des-antennes-ELTERN-version-allemande.pdf\">Au\u00dfenstellen<\/a><\/div>\n\n\n\n<div style=\"height:21px\" aria-hidden=\"true\" class=\"wp-block-spacer\"><\/div>\n\n\n\n<p>Z\u00f6gern Sie nicht, die B\u00fcros der Au\u00dfenstellen oder unseren Hauptsitz in Colmar zu kontaktieren:<\/p>\n\n\n\n<figure class=\"wp-block-flexible-table-block-table is-content-justification-left is-style-regular\"><table class=\"\" style=\"width:75%\"><thead><tr><th>Au\u00dfenstelle<\/th><th><strong>Kontakt<\/strong><\/th><th>Mail und soziale Netzwerke<\/th><\/tr><\/thead><tbody><tr><td>Benfeld (67)<\/td><td>Anne WILDY BACH<\/td><td>*<\/td><\/tr><tr><td>RPI Les Tilleuls (67)<\/td><td>Linda DUMONT HAUSHALTER<\/td><td><a href=\"mailto:rpi_les_tilleuls@eltern-bilinguisme.org\"><\/a><a href=\"mailto:nom@domaine.com\"><i class=\"far fa-envelope\"><\/i><\/a><a href=\"mailto:rpi_les_tilleuls@eltern-bilinguisme.org\">rpi_les_tilleuls@eltern-bilinguisme.org<\/a><br><a href=\"https:\/\/www.facebook.com\/profile.php?id=100070518338985\"><\/a><\/td><\/tr><tr><td>Gries (67)<a href=\"mailto:rpi_les_tilleuls@eltern-bilinguisme.org\"><\/a><\/td><td>Emmanuelle PARISSE<\/td><td>*<\/td><\/tr><tr><td>Molsheim (67)<\/td><td>Estelle FISCHER<\/td><td><a href=\"mailto:molsheim@eltern-bilinguisme.org\"><\/a> <a href=\"mailto:nom@domaine.com\"><i class=\"far fa-envelope\"><\/i><\/a> <a href=\"mailto:molsheim@eltern-bilinguisme.org\">molsheim@eltern-bilinguisme.org<\/a><\/td><\/tr><tr><td>Dettwiller (67)<\/td><td>Noemie ROUGIE<\/td><td><a href=\"mailto:rpi_les_tilleuls@eltern-bilinguisme.org\"><\/a><a href=\"mailto:nom@domaine.com\"><i class=\"far fa-envelope\"><\/i><\/a> <a href=\"mailto:dettwiller@eltern-bilinguisme.org\"> dettwiller@eltern-bilinguisme.org<\/a> <br><a href=\"https:\/\/www.facebook.com\/Aux-petits-bilingues-de-Dettwiller-429797674021971\/\"><img decoding=\"async\" style=\"width: 24px;\" src=\"https:\/\/www.eltern-bilinguisme.org\/wp-content\/uploads\/2023\/01\/facebook.png\" alt=\"L\u2019attribut alt de cette image est vide, son nom de fichier est facebook.png.\"><\/a><a href=\"https:\/\/www.facebook.com\/Aux-petits-bilingues-de-Dettwiller-429797674021971\" target=\"_blank\" rel=\"noreferrer noopener\"><\/a><\/td><\/tr><tr><td>Rhinau (67)<\/td><td>St\u00e9phanie JEHLY&nbsp; <\/td><td><a href=\"mailto:rhinau@eltern-bilinguisme.org\"><\/a><a href=\"mailto:nom@domaine.com\"><i class=\"far fa-envelope\"><\/i><\/a> <a href=\"mailto:rhinau@eltern-bilinguisme.org\">rhinau@eltern-bilinguisme.org<\/a><\/td><\/tr><tr><td>Orbey (68)<\/td><td>Claude FROEHLICHER<\/td><td>*<\/td><\/tr><tr><td>Sausheim (68)<\/td><td>Alexandra RUE&nbsp;<\/td><td><a href=\"mailto:sausheim@eltern-bilinguisme.org\"><\/a><a href=\"mailto:nom@domaine.com\"><i class=\"far fa-envelope\"><\/i><\/a> <a href=\"mailto:sausheim@eltern-bilinguisme.org\">sausheim@eltern-bilinguisme.org<\/a><\/td><\/tr><tr><td>Rixheim (68)<\/td><td>V\u00e9ronique RIGO<\/td><td><a href=\"mailto:rixheim@eltern-bilinguisme.org\"><\/a> <a href=\"mailto:nom@domaine.com\"><i class=\"far fa-envelope\"><\/i><\/a> <a href=\"mailto:rixheim@eltern-bilinguisme.org\">rixheim@eltern-bilinguisme.org<\/a><\/td><\/tr><tr><td>Wihr-au-Val (68)<\/td><td>Anne SCHULZ<\/td><td>*<\/td><\/tr><tr><td>Horbourg-Wihr (68)<\/td><td>Aur\u00e9lie KIRY<\/td><td><a href=\"mailto:horbourg-wihr@eltern-bilinguisme.org\"><\/a> <a href=\"mailto:nom@domaine.com\"><i class=\"far fa-envelope\"><\/i><\/a> <a href=\"mailto:horbourg-wihr@eltern-bilinguisme.org\">horbourg-wihr@eltern-bilinguisme.org<\/a><\/td><\/tr><tr><td>3 Fronti\u00e8res (68)<\/td><td>J\u00e9r\u00f4me GIOVANNONI<\/td><td><a href=\"mailto:3frontieres@eltern-bilinguisme.org\"><\/a><a href=\"mailto:nom@domaine.com\"><i class=\"far fa-envelope\"><\/i><\/a> <a href=\"mailto:3frontieres@eltern-bilinguisme.org\">3frontieres@eltern-bilinguisme.org<\/a> <a data-type=\"URL\" data-id=\"https:\/\/twitter.com\/ElternAlsace3F\" href=\"https:\/\/twitter.com\/ElternAlsace3F\"><img decoding=\"async\" style=\"width: 23px;\" src=\"https:\/\/www.eltern-bilinguisme.org\/wp-content\/uploads\/2023\/01\/twitter-1.png\" alt=\"L\u2019attribut alt de cette image est vide, son nom de fichier est twitter-1.png.\"><\/a> <a data-type=\"URL\" data-id=\"https:\/\/www.facebook.com\/ElternAlsace3Frontieres\" href=\"https:\/\/www.facebook.com\/ElternAlsace3Frontieres\"><img decoding=\"async\" style=\"width: 20px;\" src=\"https:\/\/www.eltern-bilinguisme.org\/wp-content\/uploads\/2023\/01\/facebook.png\" alt=\"L\u2019attribut alt de cette image est vide, son nom de fichier est facebook.png.\"><\/a><a href=\"https:\/\/www.facebook.com\/ElternAlsace3Frontieres\" target=\"_blank\" rel=\"noreferrer noopener\"><\/a><\/td><\/tr><tr><td>Ferrette (68)<\/td><td>Anna MAMOUNI<\/td><td><a href=\"mailto:nom@domaine.com\"><i class=\"far fa-envelope\"><\/i><\/a> <a href=\"mailto:ferrette@eltern-bilinguisme.org\">ferrette@eltern-bilinguisme.org<\/a><\/td><\/tr><tr><td>Sierentz (68)<\/td><td>Caroline BENO\u00ceT<\/td><td>*<\/td><\/tr><tr><td>Turckheim (68)<\/td><td>Claudia RENEL<\/td><td>*<\/td><\/tr><tr><td>Vieux-Thann (68)<\/td><td>M\u00e9lanie CRISAFULLI<\/td><td><a href=\"mailto:nom@domaine.com\"><i class=\"far fa-envelope\"><\/i><\/a> <a href=\"mailto:vieux-thann@eltern-bilinguisme.org\">vieux-thann@eltern-bilinguisme.org<\/a><\/td><\/tr><tr><td>Ensisheim (68)<\/td><td>Turker KOS<\/td><td><a href=\"mailto:\"><i class=\"far fa-envelope\"><\/i><\/a> <a href=\"mailto:ensisheim@eltern-bilinguisme.org\">ensisheim@eltern-bilinguisme.org<\/a><\/td><\/tr><\/tbody><\/table><\/figure>\n\n\n\n<p><\/p>\n\n\n\n<p>(*) Bitte kontaktieren Sie uns w\u00e4hrend unserer B\u00fcrozeiten (9:30-12:30 und 14:00-16:30) unter 03.89.20.46.74 oder per E-Mail: <a href=\"mailto:contact@eltern-bilinguisme.org\">contact@eltern-bilinguisme.org<\/a><\/p>\n","protected":false},"excerpt":{"rendered":"<p>Wir wollen so nah wie m\u00f6glich an unseren Mitgliedern sein, daher verf\u00fcgt Eltern Alsace \u00fcber 17 Au\u00dfenstellen: Z\u00f6gern Sie nicht, die B\u00fcros der Au\u00dfenstellen oder unseren Hauptsitz in Colmar zu kontaktieren: (*)&#8230;<\/p>\n","protected":false},"author":2,"featured_media":792,"parent":0,"menu_order":0,"comment_status":"closed","ping_status":"closed","template":"","meta":{"_eb_attr":"","footnotes":""},"acf":[],"yoast_head":"<!-- This site is optimized with the Yoast SEO plugin v20.13 - https:\/\/yoast.com\/wordpress\/plugins\/seo\/ -->\n<title>Au\u00dfenstellen | Eltern Alsace<\/title>\n<meta name=\"robots\" content=\"index, follow, max-snippet:-1, max-image-preview:large, max-video-preview:-1\" \/>\n<link rel=\"canonical\" href=\"https:\/\/www.eltern-bilinguisme.org\/de\/aussenstellen\/\" \/>\n<meta property=\"og:locale\" content=\"de_DE\" \/>\n<meta property=\"og:type\" content=\"article\" \/>\n<meta property=\"og:title\" content=\"Au\u00dfenstellen | Eltern Alsace\" \/>\n<meta property=\"og:description\" content=\"Wir wollen so nah wie m\u00f6glich an unseren Mitgliedern sein, daher verf\u00fcgt Eltern Alsace \u00fcber 17 Au\u00dfenstellen: Z\u00f6gern Sie nicht, die B\u00fcros der Au\u00dfenstellen oder unseren Hauptsitz in Colmar zu kontaktieren: (*)...\" \/>\n<meta property=\"og:url\" content=\"https:\/\/www.eltern-bilinguisme.org\/de\/aussenstellen\/\" \/>\n<meta property=\"og:site_name\" content=\"Eltern Alsace\" \/>\n<meta property=\"article:publisher\" content=\"https:\/\/www.facebook.com\/ElternAlsace\" \/>\n<meta property=\"article:modified_time\" content=\"2024-10-23T10:08:41+00:00\" \/>\n<meta property=\"og:image\" content=\"https:\/\/www.eltern-bilinguisme.org\/wp-content\/uploads\/2022\/10\/ELTERN_banniere_antennes-locales_2560x860px.jpg\" \/>\n\t<meta property=\"og:image:width\" content=\"2560\" \/>\n\t<meta property=\"og:image:height\" content=\"860\" \/>\n\t<meta property=\"og:image:type\" content=\"image\/jpeg\" \/>\n<meta name=\"twitter:card\" content=\"summary_large_image\" \/>\n<meta name=\"twitter:label1\" content=\"Gesch\u00e4tzte Lesezeit\" \/>\n\t<meta name=\"twitter:data1\" content=\"2\u00a0Minuten\" \/>\n<script type=\"application\/ld+json\" class=\"yoast-schema-graph\">{\"@context\":\"https:\/\/schema.org\",\"@graph\":[{\"@type\":\"WebPage\",\"@id\":\"https:\/\/www.eltern-bilinguisme.org\/de\/aussenstellen\/\",\"url\":\"https:\/\/www.eltern-bilinguisme.org\/de\/aussenstellen\/\",\"name\":\"Au\u00dfenstellen | Eltern Alsace\",\"isPartOf\":{\"@id\":\"https:\/\/www.eltern-bilinguisme.org\/de\/#website\"},\"datePublished\":\"2022-09-14T13:39:40+00:00\",\"dateModified\":\"2024-10-23T10:08:41+00:00\",\"breadcrumb\":{\"@id\":\"https:\/\/www.eltern-bilinguisme.org\/de\/aussenstellen\/#breadcrumb\"},\"inLanguage\":\"de\",\"potentialAction\":[{\"@type\":\"ReadAction\",\"target\":[\"https:\/\/www.eltern-bilinguisme.org\/de\/aussenstellen\/\"]}]},{\"@type\":\"BreadcrumbList\",\"@id\":\"https:\/\/www.eltern-bilinguisme.org\/de\/aussenstellen\/#breadcrumb\",\"itemListElement\":[{\"@type\":\"ListItem\",\"position\":1,\"name\":\"Accueil\",\"item\":\"https:\/\/www.eltern-bilinguisme.org\/de\/\"},{\"@type\":\"ListItem\",\"position\":2,\"name\":\"Au\u00dfenstellen\"}]},{\"@type\":\"WebSite\",\"@id\":\"https:\/\/www.eltern-bilinguisme.org\/de\/#website\",\"url\":\"https:\/\/www.eltern-bilinguisme.org\/de\/\",\"name\":\"Eltern Alsace\",\"description\":\"Etre bilingue, c&#039;est mettre deux fois plus de chances de son c\u00f4t\u00e9 !\",\"publisher\":{\"@id\":\"https:\/\/www.eltern-bilinguisme.org\/de\/#organization\"},\"potentialAction\":[{\"@type\":\"SearchAction\",\"target\":{\"@type\":\"EntryPoint\",\"urlTemplate\":\"https:\/\/www.eltern-bilinguisme.org\/de\/?s={search_term_string}\"},\"query-input\":\"required name=search_term_string\"}],\"inLanguage\":\"de\"},{\"@type\":\"Organization\",\"@id\":\"https:\/\/www.eltern-bilinguisme.org\/de\/#organization\",\"name\":\"Eltern Alsace\",\"url\":\"https:\/\/www.eltern-bilinguisme.org\/de\/\",\"logo\":{\"@type\":\"ImageObject\",\"inLanguage\":\"de\",\"@id\":\"https:\/\/www.eltern-bilinguisme.org\/de\/#\/schema\/logo\/image\/\",\"url\":\"https:\/\/www.eltern-bilinguisme.org\/wp-content\/uploads\/2022\/08\/logo-footer.png\",\"contentUrl\":\"https:\/\/www.eltern-bilinguisme.org\/wp-content\/uploads\/2022\/08\/logo-footer.png\",\"width\":301,\"height\":178,\"caption\":\"Eltern Alsace\"},\"image\":{\"@id\":\"https:\/\/www.eltern-bilinguisme.org\/de\/#\/schema\/logo\/image\/\"},\"sameAs\":[\"https:\/\/www.facebook.com\/ElternAlsace\",\"https:\/\/www.instagram.com\/elternalsace\/\"]}]}<\/script>\n<!-- \/ Yoast SEO plugin. -->","yoast_head_json":{"title":"Au\u00dfenstellen | Eltern Alsace","robots":{"index":"index","follow":"follow","max-snippet":"max-snippet:-1","max-image-preview":"max-image-preview:large","max-video-preview":"max-video-preview:-1"},"canonical":"https:\/\/www.eltern-bilinguisme.org\/de\/aussenstellen\/","og_locale":"de_DE","og_type":"article","og_title":"Au\u00dfenstellen | Eltern Alsace","og_description":"Wir wollen so nah wie m\u00f6glich an unseren Mitgliedern sein, daher verf\u00fcgt Eltern Alsace \u00fcber 17 Au\u00dfenstellen: Z\u00f6gern Sie nicht, die B\u00fcros der Au\u00dfenstellen oder unseren Hauptsitz in Colmar zu kontaktieren: (*)...","og_url":"https:\/\/www.eltern-bilinguisme.org\/de\/aussenstellen\/","og_site_name":"Eltern Alsace","article_publisher":"https:\/\/www.facebook.com\/ElternAlsace","article_modified_time":"2024-10-23T10:08:41+00:00","og_image":[{"width":2560,"height":860,"url":"https:\/\/www.eltern-bilinguisme.org\/wp-content\/uploads\/2022\/10\/ELTERN_banniere_antennes-locales_2560x860px.jpg","type":"image\/jpeg"}],"twitter_card":"summary_large_image","twitter_misc":{"Gesch\u00e4tzte Lesezeit":"2\u00a0Minuten"},"schema":{"@context":"https:\/\/schema.org","@graph":[{"@type":"WebPage","@id":"https:\/\/www.eltern-bilinguisme.org\/de\/aussenstellen\/","url":"https:\/\/www.eltern-bilinguisme.org\/de\/aussenstellen\/","name":"Au\u00dfenstellen | Eltern Alsace","isPartOf":{"@id":"https:\/\/www.eltern-bilinguisme.org\/de\/#website"},"datePublished":"2022-09-14T13:39:40+00:00","dateModified":"2024-10-23T10:08:41+00:00","breadcrumb":{"@id":"https:\/\/www.eltern-bilinguisme.org\/de\/aussenstellen\/#breadcrumb"},"inLanguage":"de","potentialAction":[{"@type":"ReadAction","target":["https:\/\/www.eltern-bilinguisme.org\/de\/aussenstellen\/"]}]},{"@type":"BreadcrumbList","@id":"https:\/\/www.eltern-bilinguisme.org\/de\/aussenstellen\/#breadcrumb","itemListElement":[{"@type":"ListItem","position":1,"name":"Accueil","item":"https:\/\/www.eltern-bilinguisme.org\/de\/"},{"@type":"ListItem","position":2,"name":"Au\u00dfenstellen"}]},{"@type":"WebSite","@id":"https:\/\/www.eltern-bilinguisme.org\/de\/#website","url":"https:\/\/www.eltern-bilinguisme.org\/de\/","name":"Eltern Alsace","description":"Etre bilingue, c&#039;est mettre deux fois plus de chances de son c\u00f4t\u00e9 !","publisher":{"@id":"https:\/\/www.eltern-bilinguisme.org\/de\/#organization"},"potentialAction":[{"@type":"SearchAction","target":{"@type":"EntryPoint","urlTemplate":"https:\/\/www.eltern-bilinguisme.org\/de\/?s={search_term_string}"},"query-input":"required name=search_term_string"}],"inLanguage":"de"},{"@type":"Organization","@id":"https:\/\/www.eltern-bilinguisme.org\/de\/#organization","name":"Eltern Alsace","url":"https:\/\/www.eltern-bilinguisme.org\/de\/","logo":{"@type":"ImageObject","inLanguage":"de","@id":"https:\/\/www.eltern-bilinguisme.org\/de\/#\/schema\/logo\/image\/","url":"https:\/\/www.eltern-bilinguisme.org\/wp-content\/uploads\/2022\/08\/logo-footer.png","contentUrl":"https:\/\/www.eltern-bilinguisme.org\/wp-content\/uploads\/2022\/08\/logo-footer.png","width":301,"height":178,"caption":"Eltern Alsace"},"image":{"@id":"https:\/\/www.eltern-bilinguisme.org\/de\/#\/schema\/logo\/image\/"},"sameAs":["https:\/\/www.facebook.com\/ElternAlsace","https:\/\/www.instagram.com\/elternalsace\/"]}]}},"publishpress_future_action":{"enabled":false,"date":"1970-01-01 01:00:00","action":"","terms":[],"taxonomy":"","browser_timezone_offset":0},"_links":{"self":[{"href":"https:\/\/www.eltern-bilinguisme.org\/de\/wp-json\/wp\/v2\/pages\/865"}],"collection":[{"href":"https:\/\/www.eltern-bilinguisme.org\/de\/wp-json\/wp\/v2\/pages"}],"about":[{"href":"https:\/\/www.eltern-bilinguisme.org\/de\/wp-json\/wp\/v2\/types\/page"}],"author":[{"embeddable":true,"href":"https:\/\/www.eltern-bilinguisme.org\/de\/wp-json\/wp\/v2\/users\/2"}],"replies":[{"embeddable":true,"href":"https:\/\/www.eltern-bilinguisme.org\/de\/wp-json\/wp\/v2\/comments?post=865"}],"version-history":[{"count":20,"href":"https:\/\/www.eltern-bilinguisme.org\/de\/wp-json\/wp\/v2\/pages\/865\/revisions"}],"predecessor-version":[{"id":5490,"href":"https:\/\/www.eltern-bilinguisme.org\/de\/wp-json\/wp\/v2\/pages\/865\/revisions\/5490"}],"wp:featuredmedia":[{"embeddable":true,"href":"https:\/\/www.eltern-bilinguisme.org\/de\/wp-json\/wp\/v2\/media\/792"}],"wp:attachment":[{"href":"https:\/\/www.eltern-bilinguisme.org\/de\/wp-json\/wp\/v2\/media?parent=865"}],"curies":[{"name":"wp","href":"https:\/\/api.w.org\/{rel}","templated":true}]}}