{"id":881,"date":"2022-08-31T16:33:31","date_gmt":"2022-08-31T14:33:31","guid":{"rendered":"https:\/\/www.eltern-bilinguisme.org\/eurostages-eltern-alsace\/"},"modified":"2024-12-20T14:20:50","modified_gmt":"2024-12-20T13:20:50","slug":"eurostages-eltern-alsace","status":"publish","type":"page","link":"https:\/\/www.eltern-bilinguisme.org\/de\/eurostages-eltern-alsace\/","title":{"rendered":"Eltern Alsace &#8211; EUROSTAGES"},"content":{"rendered":"\n<p style=\"font-size:18px\">Die Koordinationsplattform Eltern Alsace \u2013 EUROSTAGES vermittelt einw\u00f6chige Schnupperpraktika f\u00fcr zweisprachige els\u00e4ssische Sch\u00fcler\/innen (9. und 10. Klasse) in deutsche oder Schweizer Firmen und Einrichtungen des Oberrheingebietes<sup>. <\/sup><\/p>\n\n<div data-wp-interactive=\"core\/file\" class=\"wp-block-file\"><object data-wp-bind--hidden=\"!state.hasPdfPreview\"  class=\"wp-block-file__embed\" data=\"https:\/\/www.eltern-bilinguisme.org\/wp-content\/uploads\/2024\/03\/20240312-EUROSTAGES-plateforme-de-coordination.pdf\" type=\"application\/pdf\" style=\"width:100%;height:630px\" aria-label=\"Einbettung von EUROSTAGES - plateforme de coordination.\"><\/object><a id=\"wp-block-file--media-46946227-21f6-4e04-83a0-3bdd6db4821e\" href=\"https:\/\/www.eltern-bilinguisme.org\/wp-content\/uploads\/2024\/03\/20240312-EUROSTAGES-plateforme-de-coordination.pdf\">Koordinationsplattform Eltern Alsace &#8211; EUROSTAGES<\/a><\/div>\n\n<div style=\"height:52px\" aria-hidden=\"true\" class=\"wp-block-spacer\"><\/div>\n\n<p>Dieses Projekt wird vom Verein Eltern Alsace getragen und wurde vom 1. April 2018 bis zum 31. M\u00e4rz 2021 von der Europ\u00e4ischen Union (Europ\u00e4ischer Fonds f\u00fcr regionale Entwicklung (EFRE) \/ INTERREG Oberrhein Programm) kofinanziert.<\/p>\n\n<p>Wir bieten \u2013 in Kooperation mit unseren trinationalen Partnern \u2013 eine vereinfachte Organisation dieser Sch\u00fclerpraktika im Rahmen eines Klassenprojekts und f\u00f6rdern somit den Kontakt zwischen Unternehmen am Oberrhein und potenziellen Nachwuchskr\u00e4ften aus dem Elsass.<\/p>\n\n<figure class=\"wp-block-embed is-type-video is-provider-youtube wp-block-embed-youtube wp-embed-aspect-16-9 wp-has-aspect-ratio\"><div class=\"wp-block-embed__wrapper\">\n<iframe loading=\"lazy\" title=\"Interreg Rhin Sup | Oberrhein   Retour sur... 2014-2020 ...im R\u00fcckblick\" width=\"1170\" height=\"658\" src=\"https:\/\/www.youtube.com\/embed\/F2pviYjC-IA?feature=oembed\" frameborder=\"0\" allow=\"accelerometer; autoplay; clipboard-write; encrypted-media; gyroscope; picture-in-picture; web-share\" referrerpolicy=\"strict-origin-when-cross-origin\" allowfullscreen><\/iframe>\n<\/div><figcaption class=\"wp-element-caption\">Interreg Rhin Sup | Oberrhein Retour sur&#8230; 2014-2020 &#8230;im R\u00fcckblick<\/figcaption><\/figure>\n\n<div style=\"height:14px\" aria-hidden=\"true\" class=\"wp-block-spacer\"><\/div>\n\n<figure class=\"wp-block-embed aligncenter is-type-video is-provider-youtube wp-block-embed-youtube wp-embed-aspect-16-9 wp-has-aspect-ratio\"><div class=\"wp-block-embed__wrapper\">\n<iframe loading=\"lazy\" title=\"C\u00e9r\u00e9monie de remise des attestations de stage EUROSTAGES\/Euregio au Parlement europ\u00e9en de Strasbourg\" width=\"1170\" height=\"658\" src=\"https:\/\/www.youtube.com\/embed\/dBkZa8OLBj0?feature=oembed\" frameborder=\"0\" allow=\"accelerometer; autoplay; clipboard-write; encrypted-media; gyroscope; picture-in-picture; web-share\" allowfullscreen><\/iframe>\n<\/div><figcaption class=\"wp-element-caption\">Zeremonie zur Verleihung der Praktikumsbescheinigungen im Europ\u00e4ischen Parlament am 16. Juni 2023<\/figcaption><\/figure>\n\n<div style=\"height:13px\" aria-hidden=\"true\" class=\"wp-block-spacer\"><\/div>\n\n<h3 class=\"wp-block-heading has-text-align-center\"><strong>Sie haben Interesse an diesem grenz\u00fcberschreitenden Projekt? Sie haben Interesse an diesem grenz\u00fcberschreitenden Projekt? Dann schauen Sie sich f\u00fcr weitere Informationen gerne auf der Website des Projekts um!<\/strong><\/h3>\n\n<div class=\"wp-block-buttons is-layout-flex wp-block-buttons-is-layout-flex\">\n<div class=\"wp-block-button aligncenter\"><a class=\"wp-block-button__link wp-element-button\" href=\"https:\/\/www.eurostage2020.com\/de\/startseite\">EUROSTAGES<\/a><\/div>\n<\/div>\n\n<div style=\"height:59px\" aria-hidden=\"true\" class=\"wp-block-spacer\"><\/div>\n<div class=\"wp-block-image\">\n<figure class=\"aligncenter size-full\"><img loading=\"lazy\" decoding=\"async\" width=\"672\" height=\"738\" src=\"https:\/\/www.eltern-bilinguisme.org\/wp-content\/uploads\/2022\/09\/eurostage2020interreg.png\" alt=\"\" class=\"wp-image-258\"\/><figcaption class=\"wp-element-caption\">Quelle : <a href=\"https:\/\/www.interreg-rhin-sup.eu\/decouvrir-le-programme\/contexte-et-fonctionnement\/\" target=\"_blank\" rel=\"noreferrer noopener\"><em>https:\/\/www.interreg-rhin-sup.eu\/<\/em><\/a><\/figcaption><\/figure><\/div>","protected":false},"excerpt":{"rendered":"<p>Die Koordinationsplattform Eltern Alsace \u2013 EUROSTAGES vermittelt einw\u00f6chige Schnupperpraktika f\u00fcr zweisprachige els\u00e4ssische Sch\u00fcler\/innen (9. und 10. Klasse) in deutsche oder Schweizer Firmen und Einrichtungen des Oberrheingebietes. Dieses Projekt wird vom Verein Eltern&#8230;<\/p>\n","protected":false},"author":2,"featured_media":768,"parent":0,"menu_order":0,"comment_status":"closed","ping_status":"closed","template":"","meta":{"_eb_attr":"","footnotes":""},"acf":[],"yoast_head":"<!-- This site is optimized with the Yoast SEO plugin v20.13 - https:\/\/yoast.com\/wordpress\/plugins\/seo\/ -->\n<title>Eltern Alsace - EUROSTAGES | Eltern Alsace<\/title>\n<meta name=\"description\" content=\"Die Koordinationsplattform EUROSTAGES \u2013 Eltern Alsace vermittelt einw\u00f6chige Schnupperpraktika f\u00fcr zweisprachige els\u00e4ssische Sch\u00fcler\/innen in deutsche oder schweizer Firmen und Einrichtungen des Oberrheingebietes.\" \/>\n<meta name=\"robots\" content=\"index, follow, max-snippet:-1, max-image-preview:large, max-video-preview:-1\" \/>\n<link rel=\"canonical\" href=\"https:\/\/www.eltern-bilinguisme.org\/de\/eurostages-eltern-alsace\/\" \/>\n<meta property=\"og:locale\" content=\"de_DE\" \/>\n<meta property=\"og:type\" content=\"article\" \/>\n<meta property=\"og:title\" content=\"Eltern Alsace - EUROSTAGES | Eltern Alsace\" \/>\n<meta property=\"og:description\" content=\"Die Koordinationsplattform EUROSTAGES \u2013 Eltern Alsace vermittelt einw\u00f6chige Schnupperpraktika f\u00fcr zweisprachige els\u00e4ssische Sch\u00fcler\/innen in deutsche oder schweizer Firmen und Einrichtungen des Oberrheingebietes.\" \/>\n<meta property=\"og:url\" content=\"https:\/\/www.eltern-bilinguisme.org\/de\/eurostages-eltern-alsace\/\" \/>\n<meta property=\"og:site_name\" content=\"Eltern Alsace\" \/>\n<meta property=\"article:publisher\" content=\"https:\/\/www.facebook.com\/ElternAlsace\" \/>\n<meta property=\"article:modified_time\" content=\"2024-12-20T13:20:50+00:00\" \/>\n<meta property=\"og:image\" content=\"https:\/\/www.eltern-bilinguisme.org\/wp-content\/uploads\/2022\/10\/ELTERN_Ceremonie-23-05-2019-avec-eleves.jpg\" \/>\n\t<meta property=\"og:image:width\" content=\"2560\" \/>\n\t<meta property=\"og:image:height\" content=\"860\" \/>\n\t<meta property=\"og:image:type\" content=\"image\/jpeg\" \/>\n<meta name=\"twitter:card\" content=\"summary_large_image\" \/>\n<meta name=\"twitter:label1\" content=\"Gesch\u00e4tzte Lesezeit\" \/>\n\t<meta name=\"twitter:data1\" content=\"1\u00a0Minute\" \/>\n<script type=\"application\/ld+json\" class=\"yoast-schema-graph\">{\"@context\":\"https:\/\/schema.org\",\"@graph\":[{\"@type\":\"WebPage\",\"@id\":\"https:\/\/www.eltern-bilinguisme.org\/de\/eurostages-eltern-alsace\/\",\"url\":\"https:\/\/www.eltern-bilinguisme.org\/de\/eurostages-eltern-alsace\/\",\"name\":\"Eltern Alsace - EUROSTAGES | Eltern Alsace\",\"isPartOf\":{\"@id\":\"https:\/\/www.eltern-bilinguisme.org\/de\/#website\"},\"datePublished\":\"2022-08-31T14:33:31+00:00\",\"dateModified\":\"2024-12-20T13:20:50+00:00\",\"description\":\"Die Koordinationsplattform EUROSTAGES \u2013 Eltern Alsace vermittelt einw\u00f6chige Schnupperpraktika f\u00fcr zweisprachige els\u00e4ssische Sch\u00fcler\/innen in deutsche oder schweizer Firmen und Einrichtungen des Oberrheingebietes.\",\"breadcrumb\":{\"@id\":\"https:\/\/www.eltern-bilinguisme.org\/de\/eurostages-eltern-alsace\/#breadcrumb\"},\"inLanguage\":\"de\",\"potentialAction\":[{\"@type\":\"ReadAction\",\"target\":[\"https:\/\/www.eltern-bilinguisme.org\/de\/eurostages-eltern-alsace\/\"]}]},{\"@type\":\"BreadcrumbList\",\"@id\":\"https:\/\/www.eltern-bilinguisme.org\/de\/eurostages-eltern-alsace\/#breadcrumb\",\"itemListElement\":[{\"@type\":\"ListItem\",\"position\":1,\"name\":\"Accueil\",\"item\":\"https:\/\/www.eltern-bilinguisme.org\/de\/\"},{\"@type\":\"ListItem\",\"position\":2,\"name\":\"Eltern Alsace &#8211; EUROSTAGES\"}]},{\"@type\":\"WebSite\",\"@id\":\"https:\/\/www.eltern-bilinguisme.org\/de\/#website\",\"url\":\"https:\/\/www.eltern-bilinguisme.org\/de\/\",\"name\":\"Eltern Alsace\",\"description\":\"Etre bilingue, c&#039;est mettre deux fois plus de chances de son c\u00f4t\u00e9 !\",\"publisher\":{\"@id\":\"https:\/\/www.eltern-bilinguisme.org\/de\/#organization\"},\"potentialAction\":[{\"@type\":\"SearchAction\",\"target\":{\"@type\":\"EntryPoint\",\"urlTemplate\":\"https:\/\/www.eltern-bilinguisme.org\/de\/?s={search_term_string}\"},\"query-input\":\"required name=search_term_string\"}],\"inLanguage\":\"de\"},{\"@type\":\"Organization\",\"@id\":\"https:\/\/www.eltern-bilinguisme.org\/de\/#organization\",\"name\":\"Eltern Alsace\",\"url\":\"https:\/\/www.eltern-bilinguisme.org\/de\/\",\"logo\":{\"@type\":\"ImageObject\",\"inLanguage\":\"de\",\"@id\":\"https:\/\/www.eltern-bilinguisme.org\/de\/#\/schema\/logo\/image\/\",\"url\":\"https:\/\/www.eltern-bilinguisme.org\/wp-content\/uploads\/2022\/08\/logo-footer.png\",\"contentUrl\":\"https:\/\/www.eltern-bilinguisme.org\/wp-content\/uploads\/2022\/08\/logo-footer.png\",\"width\":301,\"height\":178,\"caption\":\"Eltern Alsace\"},\"image\":{\"@id\":\"https:\/\/www.eltern-bilinguisme.org\/de\/#\/schema\/logo\/image\/\"},\"sameAs\":[\"https:\/\/www.facebook.com\/ElternAlsace\",\"https:\/\/www.instagram.com\/elternalsace\/\"]}]}<\/script>\n<!-- \/ Yoast SEO plugin. -->","yoast_head_json":{"title":"Eltern Alsace - EUROSTAGES | Eltern Alsace","description":"Die Koordinationsplattform EUROSTAGES \u2013 Eltern Alsace vermittelt einw\u00f6chige Schnupperpraktika f\u00fcr zweisprachige els\u00e4ssische Sch\u00fcler\/innen in deutsche oder schweizer Firmen und Einrichtungen des Oberrheingebietes.","robots":{"index":"index","follow":"follow","max-snippet":"max-snippet:-1","max-image-preview":"max-image-preview:large","max-video-preview":"max-video-preview:-1"},"canonical":"https:\/\/www.eltern-bilinguisme.org\/de\/eurostages-eltern-alsace\/","og_locale":"de_DE","og_type":"article","og_title":"Eltern Alsace - EUROSTAGES | Eltern Alsace","og_description":"Die Koordinationsplattform EUROSTAGES \u2013 Eltern Alsace vermittelt einw\u00f6chige Schnupperpraktika f\u00fcr zweisprachige els\u00e4ssische Sch\u00fcler\/innen in deutsche oder schweizer Firmen und Einrichtungen des Oberrheingebietes.","og_url":"https:\/\/www.eltern-bilinguisme.org\/de\/eurostages-eltern-alsace\/","og_site_name":"Eltern Alsace","article_publisher":"https:\/\/www.facebook.com\/ElternAlsace","article_modified_time":"2024-12-20T13:20:50+00:00","og_image":[{"width":2560,"height":860,"url":"https:\/\/www.eltern-bilinguisme.org\/wp-content\/uploads\/2022\/10\/ELTERN_Ceremonie-23-05-2019-avec-eleves.jpg","type":"image\/jpeg"}],"twitter_card":"summary_large_image","twitter_misc":{"Gesch\u00e4tzte Lesezeit":"1\u00a0Minute"},"schema":{"@context":"https:\/\/schema.org","@graph":[{"@type":"WebPage","@id":"https:\/\/www.eltern-bilinguisme.org\/de\/eurostages-eltern-alsace\/","url":"https:\/\/www.eltern-bilinguisme.org\/de\/eurostages-eltern-alsace\/","name":"Eltern Alsace - EUROSTAGES | Eltern Alsace","isPartOf":{"@id":"https:\/\/www.eltern-bilinguisme.org\/de\/#website"},"datePublished":"2022-08-31T14:33:31+00:00","dateModified":"2024-12-20T13:20:50+00:00","description":"Die Koordinationsplattform EUROSTAGES \u2013 Eltern Alsace vermittelt einw\u00f6chige Schnupperpraktika f\u00fcr zweisprachige els\u00e4ssische Sch\u00fcler\/innen in deutsche oder schweizer Firmen und Einrichtungen des Oberrheingebietes.","breadcrumb":{"@id":"https:\/\/www.eltern-bilinguisme.org\/de\/eurostages-eltern-alsace\/#breadcrumb"},"inLanguage":"de","potentialAction":[{"@type":"ReadAction","target":["https:\/\/www.eltern-bilinguisme.org\/de\/eurostages-eltern-alsace\/"]}]},{"@type":"BreadcrumbList","@id":"https:\/\/www.eltern-bilinguisme.org\/de\/eurostages-eltern-alsace\/#breadcrumb","itemListElement":[{"@type":"ListItem","position":1,"name":"Accueil","item":"https:\/\/www.eltern-bilinguisme.org\/de\/"},{"@type":"ListItem","position":2,"name":"Eltern Alsace &#8211; EUROSTAGES"}]},{"@type":"WebSite","@id":"https:\/\/www.eltern-bilinguisme.org\/de\/#website","url":"https:\/\/www.eltern-bilinguisme.org\/de\/","name":"Eltern Alsace","description":"Etre bilingue, c&#039;est mettre deux fois plus de chances de son c\u00f4t\u00e9 !","publisher":{"@id":"https:\/\/www.eltern-bilinguisme.org\/de\/#organization"},"potentialAction":[{"@type":"SearchAction","target":{"@type":"EntryPoint","urlTemplate":"https:\/\/www.eltern-bilinguisme.org\/de\/?s={search_term_string}"},"query-input":"required name=search_term_string"}],"inLanguage":"de"},{"@type":"Organization","@id":"https:\/\/www.eltern-bilinguisme.org\/de\/#organization","name":"Eltern Alsace","url":"https:\/\/www.eltern-bilinguisme.org\/de\/","logo":{"@type":"ImageObject","inLanguage":"de","@id":"https:\/\/www.eltern-bilinguisme.org\/de\/#\/schema\/logo\/image\/","url":"https:\/\/www.eltern-bilinguisme.org\/wp-content\/uploads\/2022\/08\/logo-footer.png","contentUrl":"https:\/\/www.eltern-bilinguisme.org\/wp-content\/uploads\/2022\/08\/logo-footer.png","width":301,"height":178,"caption":"Eltern Alsace"},"image":{"@id":"https:\/\/www.eltern-bilinguisme.org\/de\/#\/schema\/logo\/image\/"},"sameAs":["https:\/\/www.facebook.com\/ElternAlsace","https:\/\/www.instagram.com\/elternalsace\/"]}]}},"publishpress_future_action":{"enabled":false,"date":"1970-01-01 01:00:00","action":"","terms":[],"taxonomy":"","browser_timezone_offset":0},"_links":{"self":[{"href":"https:\/\/www.eltern-bilinguisme.org\/de\/wp-json\/wp\/v2\/pages\/881"}],"collection":[{"href":"https:\/\/www.eltern-bilinguisme.org\/de\/wp-json\/wp\/v2\/pages"}],"about":[{"href":"https:\/\/www.eltern-bilinguisme.org\/de\/wp-json\/wp\/v2\/types\/page"}],"author":[{"embeddable":true,"href":"https:\/\/www.eltern-bilinguisme.org\/de\/wp-json\/wp\/v2\/users\/2"}],"replies":[{"embeddable":true,"href":"https:\/\/www.eltern-bilinguisme.org\/de\/wp-json\/wp\/v2\/comments?post=881"}],"version-history":[{"count":20,"href":"https:\/\/www.eltern-bilinguisme.org\/de\/wp-json\/wp\/v2\/pages\/881\/revisions"}],"predecessor-version":[{"id":5722,"href":"https:\/\/www.eltern-bilinguisme.org\/de\/wp-json\/wp\/v2\/pages\/881\/revisions\/5722"}],"wp:featuredmedia":[{"embeddable":true,"href":"https:\/\/www.eltern-bilinguisme.org\/de\/wp-json\/wp\/v2\/media\/768"}],"wp:attachment":[{"href":"https:\/\/www.eltern-bilinguisme.org\/de\/wp-json\/wp\/v2\/media?parent=881"}],"curies":[{"name":"wp","href":"https:\/\/api.w.org\/{rel}","templated":true}]}}