{"id":931,"date":"2022-09-15T14:57:21","date_gmt":"2022-09-15T12:57:21","guid":{"rendered":"https:\/\/www.eltern-bilinguisme.org\/medien\/"},"modified":"2025-01-29T10:57:40","modified_gmt":"2025-01-29T09:57:40","slug":"medien","status":"publish","type":"page","link":"https:\/\/www.eltern-bilinguisme.org\/de\/medien\/","title":{"rendered":"Lernmaterialien auf Deutsch"},"content":{"rendered":"\n<p><strong>Ihr Kind w\u00e4hrend der gesamten zweisprachigen Erziehung begleiten:<\/strong><\/p>\n\n<p>Wenn man sich daf\u00fcr entscheidet, mit seinem Kind einen zweisprachigen Bildungsweg zu beginnen, wie kann man dieses dabei begleiten? In erster Linie ist es die Schule, die das Wissen vermittelt, aber durch ihre Unterst\u00fctzung k\u00f6nnen die Eltern ihren Kindern die Lust am Lernen vermitteln.<\/p>\n\n<p>Wichtig ist, dass sie eine positive und ermutigende Einstellung zum zweisprachigen Unterricht haben und mehr Gelegenheiten schaffen, bei denen das Kind mit der deutschen Sprache in Kontakt kommt.<\/p>\n\n<p>Um Ihnen einige Anregungen zu geben, haben wir eine Auswahl an deutschsprachigen B\u00fcchern und Medien zusammengestellt, die eine gute Unterst\u00fctzung f\u00fcr einen anderen Zugang zur Sprache au\u00dferhalb des schulischen Umfelds bieten:<\/p>\n\n<div style=\"height:83px\" aria-hidden=\"true\" class=\"wp-block-spacer\"><\/div>\n\n<div class=\"wp-block-essential-blocks-accordion\"><div class=\"eb-parent-wrapper eb-parent-eb-accordion-42hhm41 \"><div class=\"eb-accordion-container eb-accordion-42hhm41\" data-accordion-type=\"accordion\" data-tab-icon=\"fas fa-angle-right\" data-expanded-icon=\"fas fa-angle-down\"><div class=\"eb-accordion-inner\">\n<div class=\"eb-accordion-item-xy68mn0 eb-accordion-wrapper\" data-clickable=\"false\"><div class=\"eb-accordion-title-wrapper\"><span class=\"eb-accordion-icon-wrapper\"><span class=\"fas fa-angle-right eb-accordion-icon\"><\/span><\/span><h3 class=\"eb-accordion-title\">Notre s\u00e9rie YouTube &#8222;Id\u00e9es livres et m\u00e9dias en allemand&#8220;<\/h3><\/div><div class=\"eb-accordion-content-wrapper\"><div class=\"eb-accordion-content\">\n<figure class=\"wp-block-embed is-type-video is-provider-youtube wp-block-embed-youtube wp-embed-aspect-16-9 wp-has-aspect-ratio\"><div class=\"wp-block-embed__wrapper\">\n<iframe loading=\"lazy\" title=\"Les id\u00e9es livres et m\u00e9dias en allemand d\u2019Eltern Alsace #2 - Printemps 2024\" width=\"1170\" height=\"658\" src=\"https:\/\/www.youtube.com\/embed\/jkjVgS9rt9Q?feature=oembed\" frameborder=\"0\" allow=\"accelerometer; autoplay; clipboard-write; encrypted-media; gyroscope; picture-in-picture; web-share\" referrerpolicy=\"strict-origin-when-cross-origin\" allowfullscreen><\/iframe>\n<\/div><figcaption class=\"wp-element-caption\">Fr\u00fchling 2024<\/figcaption><\/figure>\n\n\n\n<figure class=\"wp-block-embed is-type-video is-provider-youtube wp-block-embed-youtube wp-embed-aspect-16-9 wp-has-aspect-ratio\"><div class=\"wp-block-embed__wrapper\">\n<iframe loading=\"lazy\" title=\"Les id\u00e9es livres et m\u00e9dias en allemand d\u2019Eltern Alsace #1 - Hiver 2023\" width=\"1170\" height=\"658\" src=\"https:\/\/www.youtube.com\/embed\/gswlGyAgCLE?feature=oembed\" frameborder=\"0\" allow=\"accelerometer; autoplay; clipboard-write; encrypted-media; gyroscope; picture-in-picture; web-share\" referrerpolicy=\"strict-origin-when-cross-origin\" allowfullscreen><\/iframe>\n<\/div><figcaption class=\"wp-element-caption\">Winter 2023<\/figcaption><\/figure>\n<\/div><\/div><\/div>\n<\/div><\/div><\/div><\/div>\n\n<div style=\"height:83px\" aria-hidden=\"true\" class=\"wp-block-spacer\"><\/div>\n\n<h3 class=\"wp-block-heading\"><strong>B\u00fccher und Medien auf Deutsch<\/strong><\/h3>\n\n<div data-wp-interactive=\"core\/file\" class=\"wp-block-file\"><object data-wp-bind--hidden=\"!state.hasPdfPreview\"  class=\"wp-block-file__embed\" data=\"https:\/\/www.eltern-bilinguisme.org\/wp-content\/uploads\/2025\/01\/20250129-livres-medias-enfants.pdf\" type=\"application\/pdf\" style=\"width:100%;height:600px\" aria-label=\"Einbettung von Livres et m&#xE9;dias enfants en allemand (version du 29\/01\/2025).\"><\/object><a id=\"wp-block-file--media-d433e63c-5c3f-469c-ae35-82d2919fceea\" href=\"https:\/\/www.eltern-bilinguisme.org\/wp-content\/uploads\/2025\/01\/20250129-livres-medias-enfants.pdf\">Kinderb\u00fccher und -medien auf Deutsch (Version vom 29.01.2025)<\/a><\/div>\n\n<div style=\"height:41px\" aria-hidden=\"true\" class=\"wp-block-spacer\"><\/div>\n\n<h3 class=\"wp-block-heading\"><strong>Soziale Netzwerke auf Deutsch<\/strong><\/h3>\n\n<p>W\u00e4hrend unserer Suche in den sozialen Netzwerken haben wir auf Facebook, X (fr\u00fcher Twitter) und Instagram sowie auf Blogs, YouTube-Kan\u00e4len und verschiedenen Websites interessante Seiten zum Deutschlernen aufgesp\u00fcrt. Hier finden Sie eine vorl\u00e4ufige Liste:<\/p>\n\n<div data-wp-interactive=\"core\/file\" class=\"wp-block-file\"><object data-wp-bind--hidden=\"!state.hasPdfPreview\"  class=\"wp-block-file__embed\" data=\"https:\/\/www.eltern-bilinguisme.org\/wp-content\/uploads\/2024\/07\/20231107-VERSION-NUMERIQUE-dossier-thematique-reseaux-sociaux.pdf\" type=\"application\/pdf\" style=\"width:100%;height:600px\" aria-label=\"Einbettung von R&#xE9;seaux sociaux en allemand (version du 12\/10\/2023).\"><\/object><a id=\"wp-block-file--media-bcce3ba2-046f-48a7-a178-fcd7da538994\" href=\"https:\/\/www.eltern-bilinguisme.org\/wp-content\/uploads\/2024\/07\/20231107-VERSION-NUMERIQUE-dossier-thematique-reseaux-sociaux.pdf\">Soziale Netzwerke auf Deutsch (Version vom 12.10.2023)<\/a><\/div>\n\n<div style=\"height:37px\" aria-hidden=\"true\" class=\"wp-block-spacer\"><\/div>\n\n<h3 class=\"wp-block-heading\"><strong>Die Ferienhefte<\/strong><\/h3>\n\n<div data-wp-interactive=\"core\/file\" class=\"wp-block-file\"><object data-wp-bind--hidden=\"!state.hasPdfPreview\"  class=\"wp-block-file__embed\" data=\"https:\/\/www.eltern-bilinguisme.org\/wp-content\/uploads\/2024\/04\/20240429-Dossier-Ferienheft.pdf\" type=\"application\/pdf\" style=\"width:100%;height:550px\" aria-label=\"Einbettung von Les cahiers de vacances (version du 29\/04\/2024).\"><\/object><a id=\"wp-block-file--media-5ac6ec67-baa8-4193-9a86-945b71ddae3d\" href=\"https:\/\/www.eltern-bilinguisme.org\/wp-content\/uploads\/2024\/04\/20240429-Dossier-Ferienheft.pdf\">Die Ferienhefte (am 29.04.2024)<\/a><\/div>\n\n<div style=\"height:39px\" aria-hidden=\"true\" class=\"wp-block-spacer\"><\/div>\n","protected":false},"excerpt":{"rendered":"<p>Ihr Kind w\u00e4hrend der gesamten zweisprachigen Erziehung begleiten: Wenn man sich daf\u00fcr entscheidet, mit seinem Kind einen zweisprachigen Bildungsweg zu beginnen, wie kann man dieses dabei begleiten? In erster Linie ist es&#8230;<\/p>\n","protected":false},"author":2,"featured_media":813,"parent":0,"menu_order":0,"comment_status":"closed","ping_status":"closed","template":"","meta":{"_eb_attr":"","footnotes":""},"acf":[],"yoast_head":"<!-- This site is optimized with the Yoast SEO plugin v20.13 - https:\/\/yoast.com\/wordpress\/plugins\/seo\/ -->\n<title>Lernmaterialien auf Deutsch | Eltern Alsace<\/title>\n<meta name=\"description\" content=\"Wir haben auf Facebook, X (fr\u00fcher Twitter) und Instagram sowie auf Blogs, YouTube-Kan\u00e4len und verschiedenen Websites interessante Seiten zum Deutschlernen aufgesp\u00fcrt.\" \/>\n<meta name=\"robots\" content=\"index, follow, max-snippet:-1, max-image-preview:large, max-video-preview:-1\" \/>\n<link rel=\"canonical\" href=\"https:\/\/www.eltern-bilinguisme.org\/de\/medien\/\" \/>\n<meta property=\"og:locale\" content=\"de_DE\" \/>\n<meta property=\"og:type\" content=\"article\" \/>\n<meta property=\"og:title\" content=\"Lernmaterialien auf Deutsch | Eltern Alsace\" \/>\n<meta property=\"og:description\" content=\"Wir haben auf Facebook, X (fr\u00fcher Twitter) und Instagram sowie auf Blogs, YouTube-Kan\u00e4len und verschiedenen Websites interessante Seiten zum Deutschlernen aufgesp\u00fcrt.\" \/>\n<meta property=\"og:url\" content=\"https:\/\/www.eltern-bilinguisme.org\/de\/medien\/\" \/>\n<meta property=\"og:site_name\" content=\"Eltern Alsace\" \/>\n<meta property=\"article:publisher\" content=\"https:\/\/www.facebook.com\/ElternAlsace\" \/>\n<meta property=\"article:modified_time\" content=\"2025-01-29T09:57:40+00:00\" \/>\n<meta property=\"og:image\" content=\"https:\/\/www.eltern-bilinguisme.org\/wp-content\/uploads\/2022\/10\/ELTERN_banniere_supports-mediatiques_2560x860px.jpg\" \/>\n\t<meta property=\"og:image:width\" content=\"2560\" \/>\n\t<meta property=\"og:image:height\" content=\"860\" \/>\n\t<meta property=\"og:image:type\" content=\"image\/jpeg\" \/>\n<meta name=\"twitter:card\" content=\"summary_large_image\" \/>\n<meta name=\"twitter:label1\" content=\"Gesch\u00e4tzte Lesezeit\" \/>\n\t<meta name=\"twitter:data1\" content=\"1\u00a0Minute\" \/>\n<script type=\"application\/ld+json\" class=\"yoast-schema-graph\">{\"@context\":\"https:\/\/schema.org\",\"@graph\":[{\"@type\":\"WebPage\",\"@id\":\"https:\/\/www.eltern-bilinguisme.org\/de\/medien\/\",\"url\":\"https:\/\/www.eltern-bilinguisme.org\/de\/medien\/\",\"name\":\"Lernmaterialien auf Deutsch | Eltern Alsace\",\"isPartOf\":{\"@id\":\"https:\/\/www.eltern-bilinguisme.org\/de\/#website\"},\"datePublished\":\"2022-09-15T12:57:21+00:00\",\"dateModified\":\"2025-01-29T09:57:40+00:00\",\"description\":\"Wir haben auf Facebook, X (fr\u00fcher Twitter) und Instagram sowie auf Blogs, YouTube-Kan\u00e4len und verschiedenen Websites interessante Seiten zum Deutschlernen aufgesp\u00fcrt.\",\"breadcrumb\":{\"@id\":\"https:\/\/www.eltern-bilinguisme.org\/de\/medien\/#breadcrumb\"},\"inLanguage\":\"de\",\"potentialAction\":[{\"@type\":\"ReadAction\",\"target\":[\"https:\/\/www.eltern-bilinguisme.org\/de\/medien\/\"]}]},{\"@type\":\"BreadcrumbList\",\"@id\":\"https:\/\/www.eltern-bilinguisme.org\/de\/medien\/#breadcrumb\",\"itemListElement\":[{\"@type\":\"ListItem\",\"position\":1,\"name\":\"Accueil\",\"item\":\"https:\/\/www.eltern-bilinguisme.org\/de\/\"},{\"@type\":\"ListItem\",\"position\":2,\"name\":\"Lernmaterialien auf Deutsch\"}]},{\"@type\":\"WebSite\",\"@id\":\"https:\/\/www.eltern-bilinguisme.org\/de\/#website\",\"url\":\"https:\/\/www.eltern-bilinguisme.org\/de\/\",\"name\":\"Eltern Alsace\",\"description\":\"Etre bilingue, c&#039;est mettre deux fois plus de chances de son c\u00f4t\u00e9 !\",\"publisher\":{\"@id\":\"https:\/\/www.eltern-bilinguisme.org\/de\/#organization\"},\"potentialAction\":[{\"@type\":\"SearchAction\",\"target\":{\"@type\":\"EntryPoint\",\"urlTemplate\":\"https:\/\/www.eltern-bilinguisme.org\/de\/?s={search_term_string}\"},\"query-input\":\"required name=search_term_string\"}],\"inLanguage\":\"de\"},{\"@type\":\"Organization\",\"@id\":\"https:\/\/www.eltern-bilinguisme.org\/de\/#organization\",\"name\":\"Eltern Alsace\",\"url\":\"https:\/\/www.eltern-bilinguisme.org\/de\/\",\"logo\":{\"@type\":\"ImageObject\",\"inLanguage\":\"de\",\"@id\":\"https:\/\/www.eltern-bilinguisme.org\/de\/#\/schema\/logo\/image\/\",\"url\":\"https:\/\/www.eltern-bilinguisme.org\/wp-content\/uploads\/2022\/08\/logo-footer.png\",\"contentUrl\":\"https:\/\/www.eltern-bilinguisme.org\/wp-content\/uploads\/2022\/08\/logo-footer.png\",\"width\":301,\"height\":178,\"caption\":\"Eltern Alsace\"},\"image\":{\"@id\":\"https:\/\/www.eltern-bilinguisme.org\/de\/#\/schema\/logo\/image\/\"},\"sameAs\":[\"https:\/\/www.facebook.com\/ElternAlsace\",\"https:\/\/www.instagram.com\/elternalsace\/\"]}]}<\/script>\n<!-- \/ Yoast SEO plugin. -->","yoast_head_json":{"title":"Lernmaterialien auf Deutsch | Eltern Alsace","description":"Wir haben auf Facebook, X (fr\u00fcher Twitter) und Instagram sowie auf Blogs, YouTube-Kan\u00e4len und verschiedenen Websites interessante Seiten zum Deutschlernen aufgesp\u00fcrt.","robots":{"index":"index","follow":"follow","max-snippet":"max-snippet:-1","max-image-preview":"max-image-preview:large","max-video-preview":"max-video-preview:-1"},"canonical":"https:\/\/www.eltern-bilinguisme.org\/de\/medien\/","og_locale":"de_DE","og_type":"article","og_title":"Lernmaterialien auf Deutsch | Eltern Alsace","og_description":"Wir haben auf Facebook, X (fr\u00fcher Twitter) und Instagram sowie auf Blogs, YouTube-Kan\u00e4len und verschiedenen Websites interessante Seiten zum Deutschlernen aufgesp\u00fcrt.","og_url":"https:\/\/www.eltern-bilinguisme.org\/de\/medien\/","og_site_name":"Eltern Alsace","article_publisher":"https:\/\/www.facebook.com\/ElternAlsace","article_modified_time":"2025-01-29T09:57:40+00:00","og_image":[{"width":2560,"height":860,"url":"https:\/\/www.eltern-bilinguisme.org\/wp-content\/uploads\/2022\/10\/ELTERN_banniere_supports-mediatiques_2560x860px.jpg","type":"image\/jpeg"}],"twitter_card":"summary_large_image","twitter_misc":{"Gesch\u00e4tzte Lesezeit":"1\u00a0Minute"},"schema":{"@context":"https:\/\/schema.org","@graph":[{"@type":"WebPage","@id":"https:\/\/www.eltern-bilinguisme.org\/de\/medien\/","url":"https:\/\/www.eltern-bilinguisme.org\/de\/medien\/","name":"Lernmaterialien auf Deutsch | Eltern Alsace","isPartOf":{"@id":"https:\/\/www.eltern-bilinguisme.org\/de\/#website"},"datePublished":"2022-09-15T12:57:21+00:00","dateModified":"2025-01-29T09:57:40+00:00","description":"Wir haben auf Facebook, X (fr\u00fcher Twitter) und Instagram sowie auf Blogs, YouTube-Kan\u00e4len und verschiedenen Websites interessante Seiten zum Deutschlernen aufgesp\u00fcrt.","breadcrumb":{"@id":"https:\/\/www.eltern-bilinguisme.org\/de\/medien\/#breadcrumb"},"inLanguage":"de","potentialAction":[{"@type":"ReadAction","target":["https:\/\/www.eltern-bilinguisme.org\/de\/medien\/"]}]},{"@type":"BreadcrumbList","@id":"https:\/\/www.eltern-bilinguisme.org\/de\/medien\/#breadcrumb","itemListElement":[{"@type":"ListItem","position":1,"name":"Accueil","item":"https:\/\/www.eltern-bilinguisme.org\/de\/"},{"@type":"ListItem","position":2,"name":"Lernmaterialien auf Deutsch"}]},{"@type":"WebSite","@id":"https:\/\/www.eltern-bilinguisme.org\/de\/#website","url":"https:\/\/www.eltern-bilinguisme.org\/de\/","name":"Eltern Alsace","description":"Etre bilingue, c&#039;est mettre deux fois plus de chances de son c\u00f4t\u00e9 !","publisher":{"@id":"https:\/\/www.eltern-bilinguisme.org\/de\/#organization"},"potentialAction":[{"@type":"SearchAction","target":{"@type":"EntryPoint","urlTemplate":"https:\/\/www.eltern-bilinguisme.org\/de\/?s={search_term_string}"},"query-input":"required name=search_term_string"}],"inLanguage":"de"},{"@type":"Organization","@id":"https:\/\/www.eltern-bilinguisme.org\/de\/#organization","name":"Eltern Alsace","url":"https:\/\/www.eltern-bilinguisme.org\/de\/","logo":{"@type":"ImageObject","inLanguage":"de","@id":"https:\/\/www.eltern-bilinguisme.org\/de\/#\/schema\/logo\/image\/","url":"https:\/\/www.eltern-bilinguisme.org\/wp-content\/uploads\/2022\/08\/logo-footer.png","contentUrl":"https:\/\/www.eltern-bilinguisme.org\/wp-content\/uploads\/2022\/08\/logo-footer.png","width":301,"height":178,"caption":"Eltern Alsace"},"image":{"@id":"https:\/\/www.eltern-bilinguisme.org\/de\/#\/schema\/logo\/image\/"},"sameAs":["https:\/\/www.facebook.com\/ElternAlsace","https:\/\/www.instagram.com\/elternalsace\/"]}]}},"publishpress_future_action":{"enabled":false,"date":"1970-01-01 01:00:00","action":"","terms":[],"taxonomy":"","browser_timezone_offset":0},"_links":{"self":[{"href":"https:\/\/www.eltern-bilinguisme.org\/de\/wp-json\/wp\/v2\/pages\/931"}],"collection":[{"href":"https:\/\/www.eltern-bilinguisme.org\/de\/wp-json\/wp\/v2\/pages"}],"about":[{"href":"https:\/\/www.eltern-bilinguisme.org\/de\/wp-json\/wp\/v2\/types\/page"}],"author":[{"embeddable":true,"href":"https:\/\/www.eltern-bilinguisme.org\/de\/wp-json\/wp\/v2\/users\/2"}],"replies":[{"embeddable":true,"href":"https:\/\/www.eltern-bilinguisme.org\/de\/wp-json\/wp\/v2\/comments?post=931"}],"version-history":[{"count":20,"href":"https:\/\/www.eltern-bilinguisme.org\/de\/wp-json\/wp\/v2\/pages\/931\/revisions"}],"predecessor-version":[{"id":5807,"href":"https:\/\/www.eltern-bilinguisme.org\/de\/wp-json\/wp\/v2\/pages\/931\/revisions\/5807"}],"wp:featuredmedia":[{"embeddable":true,"href":"https:\/\/www.eltern-bilinguisme.org\/de\/wp-json\/wp\/v2\/media\/813"}],"wp:attachment":[{"href":"https:\/\/www.eltern-bilinguisme.org\/de\/wp-json\/wp\/v2\/media?parent=931"}],"curies":[{"name":"wp","href":"https:\/\/api.w.org\/{rel}","templated":true}]}}