{"id":933,"date":"2022-09-15T15:08:48","date_gmt":"2022-09-15T13:08:48","guid":{"rendered":"https:\/\/www.eltern-bilinguisme.org\/ausflug-nach-deutschland\/"},"modified":"2024-07-31T10:52:53","modified_gmt":"2024-07-31T08:52:53","slug":"ausflug-nach-deutschland","status":"publish","type":"page","link":"https:\/\/www.eltern-bilinguisme.org\/de\/ausflug-nach-deutschland\/","title":{"rendered":"In Deutschland oder der Schweiz reisen"},"content":{"rendered":"\n<p><strong>Und warum nicht einen Familientrip nach Deutschland oder in die Schweiz machen?<\/strong><\/p>\n\n<p>W\u00e4hrend der gesamten Schulzeit ist es f\u00fcr Ihr Kind wichtig, auch au\u00dferhalb der Schule mit der deutschen Sprache in Ber\u00fchrung zu kommen. Was w\u00e4re daf\u00fcr besser geeignet, als mit der Familie einen Ausflug nach Deutschland oder in die Schweiz zu planen? Sie haben das Gl\u00fcck, in einer grenz\u00fcberschreitenden Region zu leben, es w\u00e4re schade, wenn Sie dies nicht nutzen w\u00fcrden.<\/p>\n\n<p>\u00dcber den folgenden Link finden Sie praktische Informationen und Ideen f\u00fcr Ausfl\u00fcge in die deutschsprachigen L\u00e4nder:<\/p>\n\n<div data-wp-interactive=\"core\/file\" class=\"wp-block-file\"><object data-wp-bind--hidden=\"!state.hasPdfPreview\"  class=\"wp-block-file__embed\" data=\"https:\/\/www.eltern-bilinguisme.org\/wp-content\/uploads\/2024\/06\/ELTERN-Journal-N&#xB0;112-dossier-sortir-Allemagne-et-Suisse.pdf\" type=\"application\/pdf\" style=\"width:100%;height:510px\" aria-label=\"Einbettung von Dossier th&#xE9;matique - D&#xE9;couvrir l'Allemagne \/ la Suisse.\"><\/object><a id=\"wp-block-file--media-97cf3a68-0e9f-4344-b995-fd79877b5a6a\" href=\"https:\/\/www.eltern-bilinguisme.org\/wp-content\/uploads\/2024\/06\/ELTERN-Journal-N&#xB0;112-dossier-sortir-Allemagne-et-Suisse.pdf\">Themendossier &#8211; Deutschland \/ die Schweiz entdecken<\/a><\/div>\n\n<p>Starten Sie in das Abenteuer!<\/p>\n","protected":false},"excerpt":{"rendered":"<p>Und warum nicht einen Familientrip nach Deutschland oder in die Schweiz machen? W\u00e4hrend der gesamten Schulzeit ist es f\u00fcr Ihr Kind wichtig, auch au\u00dferhalb der Schule mit der deutschen Sprache in Ber\u00fchrung&#8230;<\/p>\n","protected":false},"author":2,"featured_media":822,"parent":0,"menu_order":0,"comment_status":"closed","ping_status":"closed","template":"","meta":{"_eb_attr":"","footnotes":""},"acf":[],"yoast_head":"<!-- This site is optimized with the Yoast SEO plugin v20.13 - https:\/\/yoast.com\/wordpress\/plugins\/seo\/ -->\n<title>In Deutschland oder der Schweiz reisen | Eltern Alsace<\/title>\n<meta name=\"robots\" content=\"index, follow, max-snippet:-1, max-image-preview:large, max-video-preview:-1\" \/>\n<link rel=\"canonical\" href=\"https:\/\/www.eltern-bilinguisme.org\/de\/ausflug-nach-deutschland\/\" \/>\n<meta property=\"og:locale\" content=\"de_DE\" \/>\n<meta property=\"og:type\" content=\"article\" \/>\n<meta property=\"og:title\" content=\"In Deutschland oder der Schweiz reisen | Eltern Alsace\" \/>\n<meta property=\"og:description\" content=\"Und warum nicht einen Familientrip nach Deutschland oder in die Schweiz machen? W\u00e4hrend der gesamten Schulzeit ist es f\u00fcr Ihr Kind wichtig, auch au\u00dferhalb der Schule mit der deutschen Sprache in Ber\u00fchrung...\" \/>\n<meta property=\"og:url\" content=\"https:\/\/www.eltern-bilinguisme.org\/de\/ausflug-nach-deutschland\/\" \/>\n<meta property=\"og:site_name\" content=\"Eltern Alsace\" \/>\n<meta property=\"article:publisher\" content=\"https:\/\/www.facebook.com\/ElternAlsace\" \/>\n<meta property=\"article:modified_time\" content=\"2024-07-31T08:52:53+00:00\" \/>\n<meta property=\"og:image\" content=\"https:\/\/www.eltern-bilinguisme.org\/wp-content\/uploads\/2022\/10\/ELTERN_banniere_sortir-en-allemagne_2560x860px.jpg\" \/>\n\t<meta property=\"og:image:width\" content=\"2560\" \/>\n\t<meta property=\"og:image:height\" content=\"860\" \/>\n\t<meta property=\"og:image:type\" content=\"image\/jpeg\" \/>\n<meta name=\"twitter:card\" content=\"summary_large_image\" \/>\n<meta name=\"twitter:label1\" content=\"Gesch\u00e4tzte Lesezeit\" \/>\n\t<meta name=\"twitter:data1\" content=\"1\u00a0Minute\" \/>\n<script type=\"application\/ld+json\" class=\"yoast-schema-graph\">{\"@context\":\"https:\/\/schema.org\",\"@graph\":[{\"@type\":\"WebPage\",\"@id\":\"https:\/\/www.eltern-bilinguisme.org\/de\/ausflug-nach-deutschland\/\",\"url\":\"https:\/\/www.eltern-bilinguisme.org\/de\/ausflug-nach-deutschland\/\",\"name\":\"In Deutschland oder der Schweiz reisen | Eltern Alsace\",\"isPartOf\":{\"@id\":\"https:\/\/www.eltern-bilinguisme.org\/de\/#website\"},\"datePublished\":\"2022-09-15T13:08:48+00:00\",\"dateModified\":\"2024-07-31T08:52:53+00:00\",\"breadcrumb\":{\"@id\":\"https:\/\/www.eltern-bilinguisme.org\/de\/ausflug-nach-deutschland\/#breadcrumb\"},\"inLanguage\":\"de\",\"potentialAction\":[{\"@type\":\"ReadAction\",\"target\":[\"https:\/\/www.eltern-bilinguisme.org\/de\/ausflug-nach-deutschland\/\"]}]},{\"@type\":\"BreadcrumbList\",\"@id\":\"https:\/\/www.eltern-bilinguisme.org\/de\/ausflug-nach-deutschland\/#breadcrumb\",\"itemListElement\":[{\"@type\":\"ListItem\",\"position\":1,\"name\":\"Accueil\",\"item\":\"https:\/\/www.eltern-bilinguisme.org\/de\/\"},{\"@type\":\"ListItem\",\"position\":2,\"name\":\"In Deutschland oder der Schweiz reisen\"}]},{\"@type\":\"WebSite\",\"@id\":\"https:\/\/www.eltern-bilinguisme.org\/de\/#website\",\"url\":\"https:\/\/www.eltern-bilinguisme.org\/de\/\",\"name\":\"Eltern Alsace\",\"description\":\"Etre bilingue, c&#039;est mettre deux fois plus de chances de son c\u00f4t\u00e9 !\",\"publisher\":{\"@id\":\"https:\/\/www.eltern-bilinguisme.org\/de\/#organization\"},\"potentialAction\":[{\"@type\":\"SearchAction\",\"target\":{\"@type\":\"EntryPoint\",\"urlTemplate\":\"https:\/\/www.eltern-bilinguisme.org\/de\/?s={search_term_string}\"},\"query-input\":\"required name=search_term_string\"}],\"inLanguage\":\"de\"},{\"@type\":\"Organization\",\"@id\":\"https:\/\/www.eltern-bilinguisme.org\/de\/#organization\",\"name\":\"Eltern Alsace\",\"url\":\"https:\/\/www.eltern-bilinguisme.org\/de\/\",\"logo\":{\"@type\":\"ImageObject\",\"inLanguage\":\"de\",\"@id\":\"https:\/\/www.eltern-bilinguisme.org\/de\/#\/schema\/logo\/image\/\",\"url\":\"https:\/\/www.eltern-bilinguisme.org\/wp-content\/uploads\/2022\/08\/logo-footer.png\",\"contentUrl\":\"https:\/\/www.eltern-bilinguisme.org\/wp-content\/uploads\/2022\/08\/logo-footer.png\",\"width\":301,\"height\":178,\"caption\":\"Eltern Alsace\"},\"image\":{\"@id\":\"https:\/\/www.eltern-bilinguisme.org\/de\/#\/schema\/logo\/image\/\"},\"sameAs\":[\"https:\/\/www.facebook.com\/ElternAlsace\",\"https:\/\/www.instagram.com\/elternalsace\/\"]}]}<\/script>\n<!-- \/ Yoast SEO plugin. -->","yoast_head_json":{"title":"In Deutschland oder der Schweiz reisen | Eltern Alsace","robots":{"index":"index","follow":"follow","max-snippet":"max-snippet:-1","max-image-preview":"max-image-preview:large","max-video-preview":"max-video-preview:-1"},"canonical":"https:\/\/www.eltern-bilinguisme.org\/de\/ausflug-nach-deutschland\/","og_locale":"de_DE","og_type":"article","og_title":"In Deutschland oder der Schweiz reisen | Eltern Alsace","og_description":"Und warum nicht einen Familientrip nach Deutschland oder in die Schweiz machen? W\u00e4hrend der gesamten Schulzeit ist es f\u00fcr Ihr Kind wichtig, auch au\u00dferhalb der Schule mit der deutschen Sprache in Ber\u00fchrung...","og_url":"https:\/\/www.eltern-bilinguisme.org\/de\/ausflug-nach-deutschland\/","og_site_name":"Eltern Alsace","article_publisher":"https:\/\/www.facebook.com\/ElternAlsace","article_modified_time":"2024-07-31T08:52:53+00:00","og_image":[{"width":2560,"height":860,"url":"https:\/\/www.eltern-bilinguisme.org\/wp-content\/uploads\/2022\/10\/ELTERN_banniere_sortir-en-allemagne_2560x860px.jpg","type":"image\/jpeg"}],"twitter_card":"summary_large_image","twitter_misc":{"Gesch\u00e4tzte Lesezeit":"1\u00a0Minute"},"schema":{"@context":"https:\/\/schema.org","@graph":[{"@type":"WebPage","@id":"https:\/\/www.eltern-bilinguisme.org\/de\/ausflug-nach-deutschland\/","url":"https:\/\/www.eltern-bilinguisme.org\/de\/ausflug-nach-deutschland\/","name":"In Deutschland oder der Schweiz reisen | Eltern Alsace","isPartOf":{"@id":"https:\/\/www.eltern-bilinguisme.org\/de\/#website"},"datePublished":"2022-09-15T13:08:48+00:00","dateModified":"2024-07-31T08:52:53+00:00","breadcrumb":{"@id":"https:\/\/www.eltern-bilinguisme.org\/de\/ausflug-nach-deutschland\/#breadcrumb"},"inLanguage":"de","potentialAction":[{"@type":"ReadAction","target":["https:\/\/www.eltern-bilinguisme.org\/de\/ausflug-nach-deutschland\/"]}]},{"@type":"BreadcrumbList","@id":"https:\/\/www.eltern-bilinguisme.org\/de\/ausflug-nach-deutschland\/#breadcrumb","itemListElement":[{"@type":"ListItem","position":1,"name":"Accueil","item":"https:\/\/www.eltern-bilinguisme.org\/de\/"},{"@type":"ListItem","position":2,"name":"In Deutschland oder der Schweiz reisen"}]},{"@type":"WebSite","@id":"https:\/\/www.eltern-bilinguisme.org\/de\/#website","url":"https:\/\/www.eltern-bilinguisme.org\/de\/","name":"Eltern Alsace","description":"Etre bilingue, c&#039;est mettre deux fois plus de chances de son c\u00f4t\u00e9 !","publisher":{"@id":"https:\/\/www.eltern-bilinguisme.org\/de\/#organization"},"potentialAction":[{"@type":"SearchAction","target":{"@type":"EntryPoint","urlTemplate":"https:\/\/www.eltern-bilinguisme.org\/de\/?s={search_term_string}"},"query-input":"required name=search_term_string"}],"inLanguage":"de"},{"@type":"Organization","@id":"https:\/\/www.eltern-bilinguisme.org\/de\/#organization","name":"Eltern Alsace","url":"https:\/\/www.eltern-bilinguisme.org\/de\/","logo":{"@type":"ImageObject","inLanguage":"de","@id":"https:\/\/www.eltern-bilinguisme.org\/de\/#\/schema\/logo\/image\/","url":"https:\/\/www.eltern-bilinguisme.org\/wp-content\/uploads\/2022\/08\/logo-footer.png","contentUrl":"https:\/\/www.eltern-bilinguisme.org\/wp-content\/uploads\/2022\/08\/logo-footer.png","width":301,"height":178,"caption":"Eltern Alsace"},"image":{"@id":"https:\/\/www.eltern-bilinguisme.org\/de\/#\/schema\/logo\/image\/"},"sameAs":["https:\/\/www.facebook.com\/ElternAlsace","https:\/\/www.instagram.com\/elternalsace\/"]}]}},"publishpress_future_action":{"enabled":false,"date":"1970-01-01 01:00:00","action":"","terms":[],"taxonomy":"","browser_timezone_offset":0},"_links":{"self":[{"href":"https:\/\/www.eltern-bilinguisme.org\/de\/wp-json\/wp\/v2\/pages\/933"}],"collection":[{"href":"https:\/\/www.eltern-bilinguisme.org\/de\/wp-json\/wp\/v2\/pages"}],"about":[{"href":"https:\/\/www.eltern-bilinguisme.org\/de\/wp-json\/wp\/v2\/types\/page"}],"author":[{"embeddable":true,"href":"https:\/\/www.eltern-bilinguisme.org\/de\/wp-json\/wp\/v2\/users\/2"}],"replies":[{"embeddable":true,"href":"https:\/\/www.eltern-bilinguisme.org\/de\/wp-json\/wp\/v2\/comments?post=933"}],"version-history":[{"count":9,"href":"https:\/\/www.eltern-bilinguisme.org\/de\/wp-json\/wp\/v2\/pages\/933\/revisions"}],"predecessor-version":[{"id":5224,"href":"https:\/\/www.eltern-bilinguisme.org\/de\/wp-json\/wp\/v2\/pages\/933\/revisions\/5224"}],"wp:featuredmedia":[{"embeddable":true,"href":"https:\/\/www.eltern-bilinguisme.org\/de\/wp-json\/wp\/v2\/media\/822"}],"wp:attachment":[{"href":"https:\/\/www.eltern-bilinguisme.org\/de\/wp-json\/wp\/v2\/media?parent=933"}],"curies":[{"name":"wp","href":"https:\/\/api.w.org\/{rel}","templated":true}]}}