{"id":948,"date":"2022-09-16T10:28:41","date_gmt":"2022-09-16T08:28:41","guid":{"rendered":"https:\/\/www.eltern-bilinguisme.org\/gebietskoerperschaften\/"},"modified":"2022-11-28T12:50:46","modified_gmt":"2022-11-28T11:50:46","slug":"gebietskoerperschaften","status":"publish","type":"page","link":"https:\/\/www.eltern-bilinguisme.org\/de\/gebietskoerperschaften\/","title":{"rendered":"Gebietsk\u00f6rperschaften"},"content":{"rendered":"\n<div class=\"wp-block-media-text alignwide is-stacked-on-mobile partenaires\" style=\"grid-template-columns:19% auto\"><figure class=\"wp-block-media-text__media\"><a href=\"https:\/\/www.alsace.eu\/aides-et-services\/bilinguisme\/\"><img loading=\"lazy\" decoding=\"async\" width=\"806\" height=\"320\" src=\"https:\/\/www.eltern-bilinguisme.org\/wp-content\/uploads\/2022\/09\/alsace.png\" alt=\"\" class=\"wp-image-339 size-full\" srcset=\"https:\/\/www.eltern-bilinguisme.org\/wp-content\/uploads\/2022\/09\/alsace.png 806w, https:\/\/www.eltern-bilinguisme.org\/wp-content\/uploads\/2022\/09\/alsace-768x305.png 768w\" sizes=\"(max-width: 806px) 100vw, 806px\" \/><\/a><\/figure><div class=\"wp-block-media-text__content\">\n<p><strong><a href=\"https:\/\/www.alsace.eu\/aides-et-services\/bilinguisme\/\" data-type=\"URL\" data-id=\"https:\/\/www.alsace.eu\/aides-et-services\/bilinguisme\/\">Collectivit\u00e9 europ\u00e9enne d&#8217;Alsace<\/a><\/strong><\/p>\n<\/div><\/div>\n\n<div class=\"wp-block-media-text alignwide is-stacked-on-mobile partenaires\" style=\"grid-template-columns:19% auto\"><figure class=\"wp-block-media-text__media\"><a href=\"https:\/\/www.grandest.fr\/\"><img loading=\"lazy\" decoding=\"async\" width=\"1730\" height=\"579\" src=\"https:\/\/www.eltern-bilinguisme.org\/wp-content\/uploads\/2022\/11\/RGE-RVB-1730x579.png\" alt=\"\" class=\"wp-image-1257 size-full\" srcset=\"https:\/\/www.eltern-bilinguisme.org\/wp-content\/uploads\/2022\/11\/RGE-RVB-1730x579.png 1730w, https:\/\/www.eltern-bilinguisme.org\/wp-content\/uploads\/2022\/11\/RGE-RVB-848x284.png 848w, https:\/\/www.eltern-bilinguisme.org\/wp-content\/uploads\/2022\/11\/RGE-RVB-768x257.png 768w, https:\/\/www.eltern-bilinguisme.org\/wp-content\/uploads\/2022\/11\/RGE-RVB-1536x514.png 1536w, https:\/\/www.eltern-bilinguisme.org\/wp-content\/uploads\/2022\/11\/RGE-RVB.png 1880w\" sizes=\"(max-width: 1730px) 100vw, 1730px\" \/><\/a><\/figure><div class=\"wp-block-media-text__content\">\n<p><strong><a href=\"https:\/\/www.grandest.fr\/\" data-type=\"URL\" data-id=\"https:\/\/www.grandest.fr\/\">R\u00e9gion Grand Est<\/a><\/strong><\/p>\n<\/div><\/div>\n","protected":false},"excerpt":{"rendered":"<p>Collectivit\u00e9 europ\u00e9enne d&#8217;Alsace R\u00e9gion Grand Est<\/p>\n","protected":false},"author":2,"featured_media":796,"parent":0,"menu_order":0,"comment_status":"closed","ping_status":"closed","template":"","meta":{"_eb_attr":"","footnotes":""},"acf":[],"yoast_head":"<!-- This site is optimized with the Yoast SEO plugin v20.13 - https:\/\/yoast.com\/wordpress\/plugins\/seo\/ -->\n<title>Gebietsk\u00f6rperschaften | Eltern Alsace<\/title>\n<meta name=\"robots\" content=\"index, follow, max-snippet:-1, max-image-preview:large, max-video-preview:-1\" \/>\n<link rel=\"canonical\" href=\"https:\/\/www.eltern-bilinguisme.org\/de\/gebietskoerperschaften\/\" \/>\n<meta property=\"og:locale\" content=\"de_DE\" \/>\n<meta property=\"og:type\" content=\"article\" \/>\n<meta property=\"og:title\" content=\"Gebietsk\u00f6rperschaften | Eltern Alsace\" \/>\n<meta property=\"og:description\" content=\"Collectivit\u00e9 europ\u00e9enne d&#8217;Alsace R\u00e9gion Grand Est\" \/>\n<meta property=\"og:url\" content=\"https:\/\/www.eltern-bilinguisme.org\/de\/gebietskoerperschaften\/\" \/>\n<meta property=\"og:site_name\" content=\"Eltern Alsace\" \/>\n<meta property=\"article:publisher\" content=\"https:\/\/www.facebook.com\/ElternAlsace\" \/>\n<meta property=\"article:modified_time\" content=\"2022-11-28T11:50:46+00:00\" \/>\n<meta property=\"og:image\" content=\"https:\/\/www.eltern-bilinguisme.org\/wp-content\/uploads\/2022\/10\/ELTERN_banniere_collectivite_2560x860px.jpg\" \/>\n\t<meta property=\"og:image:width\" content=\"2560\" \/>\n\t<meta property=\"og:image:height\" content=\"860\" \/>\n\t<meta property=\"og:image:type\" content=\"image\/jpeg\" \/>\n<meta name=\"twitter:card\" content=\"summary_large_image\" \/>\n<script type=\"application\/ld+json\" class=\"yoast-schema-graph\">{\"@context\":\"https:\/\/schema.org\",\"@graph\":[{\"@type\":\"WebPage\",\"@id\":\"https:\/\/www.eltern-bilinguisme.org\/de\/gebietskoerperschaften\/\",\"url\":\"https:\/\/www.eltern-bilinguisme.org\/de\/gebietskoerperschaften\/\",\"name\":\"Gebietsk\u00f6rperschaften | Eltern Alsace\",\"isPartOf\":{\"@id\":\"https:\/\/www.eltern-bilinguisme.org\/de\/#website\"},\"datePublished\":\"2022-09-16T08:28:41+00:00\",\"dateModified\":\"2022-11-28T11:50:46+00:00\",\"breadcrumb\":{\"@id\":\"https:\/\/www.eltern-bilinguisme.org\/de\/gebietskoerperschaften\/#breadcrumb\"},\"inLanguage\":\"de\",\"potentialAction\":[{\"@type\":\"ReadAction\",\"target\":[\"https:\/\/www.eltern-bilinguisme.org\/de\/gebietskoerperschaften\/\"]}]},{\"@type\":\"BreadcrumbList\",\"@id\":\"https:\/\/www.eltern-bilinguisme.org\/de\/gebietskoerperschaften\/#breadcrumb\",\"itemListElement\":[{\"@type\":\"ListItem\",\"position\":1,\"name\":\"Accueil\",\"item\":\"https:\/\/www.eltern-bilinguisme.org\/de\/\"},{\"@type\":\"ListItem\",\"position\":2,\"name\":\"Gebietsk\u00f6rperschaften\"}]},{\"@type\":\"WebSite\",\"@id\":\"https:\/\/www.eltern-bilinguisme.org\/de\/#website\",\"url\":\"https:\/\/www.eltern-bilinguisme.org\/de\/\",\"name\":\"Eltern Alsace\",\"description\":\"Etre bilingue, c&#039;est mettre deux fois plus de chances de son c\u00f4t\u00e9 !\",\"publisher\":{\"@id\":\"https:\/\/www.eltern-bilinguisme.org\/de\/#organization\"},\"potentialAction\":[{\"@type\":\"SearchAction\",\"target\":{\"@type\":\"EntryPoint\",\"urlTemplate\":\"https:\/\/www.eltern-bilinguisme.org\/de\/?s={search_term_string}\"},\"query-input\":\"required name=search_term_string\"}],\"inLanguage\":\"de\"},{\"@type\":\"Organization\",\"@id\":\"https:\/\/www.eltern-bilinguisme.org\/de\/#organization\",\"name\":\"Eltern Alsace\",\"url\":\"https:\/\/www.eltern-bilinguisme.org\/de\/\",\"logo\":{\"@type\":\"ImageObject\",\"inLanguage\":\"de\",\"@id\":\"https:\/\/www.eltern-bilinguisme.org\/de\/#\/schema\/logo\/image\/\",\"url\":\"https:\/\/www.eltern-bilinguisme.org\/wp-content\/uploads\/2022\/08\/logo-footer.png\",\"contentUrl\":\"https:\/\/www.eltern-bilinguisme.org\/wp-content\/uploads\/2022\/08\/logo-footer.png\",\"width\":301,\"height\":178,\"caption\":\"Eltern Alsace\"},\"image\":{\"@id\":\"https:\/\/www.eltern-bilinguisme.org\/de\/#\/schema\/logo\/image\/\"},\"sameAs\":[\"https:\/\/www.facebook.com\/ElternAlsace\",\"https:\/\/www.instagram.com\/elternalsace\/\"]}]}<\/script>\n<!-- \/ Yoast SEO plugin. -->","yoast_head_json":{"title":"Gebietsk\u00f6rperschaften | Eltern Alsace","robots":{"index":"index","follow":"follow","max-snippet":"max-snippet:-1","max-image-preview":"max-image-preview:large","max-video-preview":"max-video-preview:-1"},"canonical":"https:\/\/www.eltern-bilinguisme.org\/de\/gebietskoerperschaften\/","og_locale":"de_DE","og_type":"article","og_title":"Gebietsk\u00f6rperschaften | Eltern Alsace","og_description":"Collectivit\u00e9 europ\u00e9enne d&#8217;Alsace R\u00e9gion Grand Est","og_url":"https:\/\/www.eltern-bilinguisme.org\/de\/gebietskoerperschaften\/","og_site_name":"Eltern Alsace","article_publisher":"https:\/\/www.facebook.com\/ElternAlsace","article_modified_time":"2022-11-28T11:50:46+00:00","og_image":[{"width":2560,"height":860,"url":"https:\/\/www.eltern-bilinguisme.org\/wp-content\/uploads\/2022\/10\/ELTERN_banniere_collectivite_2560x860px.jpg","type":"image\/jpeg"}],"twitter_card":"summary_large_image","schema":{"@context":"https:\/\/schema.org","@graph":[{"@type":"WebPage","@id":"https:\/\/www.eltern-bilinguisme.org\/de\/gebietskoerperschaften\/","url":"https:\/\/www.eltern-bilinguisme.org\/de\/gebietskoerperschaften\/","name":"Gebietsk\u00f6rperschaften | Eltern Alsace","isPartOf":{"@id":"https:\/\/www.eltern-bilinguisme.org\/de\/#website"},"datePublished":"2022-09-16T08:28:41+00:00","dateModified":"2022-11-28T11:50:46+00:00","breadcrumb":{"@id":"https:\/\/www.eltern-bilinguisme.org\/de\/gebietskoerperschaften\/#breadcrumb"},"inLanguage":"de","potentialAction":[{"@type":"ReadAction","target":["https:\/\/www.eltern-bilinguisme.org\/de\/gebietskoerperschaften\/"]}]},{"@type":"BreadcrumbList","@id":"https:\/\/www.eltern-bilinguisme.org\/de\/gebietskoerperschaften\/#breadcrumb","itemListElement":[{"@type":"ListItem","position":1,"name":"Accueil","item":"https:\/\/www.eltern-bilinguisme.org\/de\/"},{"@type":"ListItem","position":2,"name":"Gebietsk\u00f6rperschaften"}]},{"@type":"WebSite","@id":"https:\/\/www.eltern-bilinguisme.org\/de\/#website","url":"https:\/\/www.eltern-bilinguisme.org\/de\/","name":"Eltern Alsace","description":"Etre bilingue, c&#039;est mettre deux fois plus de chances de son c\u00f4t\u00e9 !","publisher":{"@id":"https:\/\/www.eltern-bilinguisme.org\/de\/#organization"},"potentialAction":[{"@type":"SearchAction","target":{"@type":"EntryPoint","urlTemplate":"https:\/\/www.eltern-bilinguisme.org\/de\/?s={search_term_string}"},"query-input":"required name=search_term_string"}],"inLanguage":"de"},{"@type":"Organization","@id":"https:\/\/www.eltern-bilinguisme.org\/de\/#organization","name":"Eltern Alsace","url":"https:\/\/www.eltern-bilinguisme.org\/de\/","logo":{"@type":"ImageObject","inLanguage":"de","@id":"https:\/\/www.eltern-bilinguisme.org\/de\/#\/schema\/logo\/image\/","url":"https:\/\/www.eltern-bilinguisme.org\/wp-content\/uploads\/2022\/08\/logo-footer.png","contentUrl":"https:\/\/www.eltern-bilinguisme.org\/wp-content\/uploads\/2022\/08\/logo-footer.png","width":301,"height":178,"caption":"Eltern Alsace"},"image":{"@id":"https:\/\/www.eltern-bilinguisme.org\/de\/#\/schema\/logo\/image\/"},"sameAs":["https:\/\/www.facebook.com\/ElternAlsace","https:\/\/www.instagram.com\/elternalsace\/"]}]}},"publishpress_future_action":{"enabled":false,"date":"1970-01-01 01:00:00","action":"","terms":[],"taxonomy":"","browser_timezone_offset":0},"_links":{"self":[{"href":"https:\/\/www.eltern-bilinguisme.org\/de\/wp-json\/wp\/v2\/pages\/948"}],"collection":[{"href":"https:\/\/www.eltern-bilinguisme.org\/de\/wp-json\/wp\/v2\/pages"}],"about":[{"href":"https:\/\/www.eltern-bilinguisme.org\/de\/wp-json\/wp\/v2\/types\/page"}],"author":[{"embeddable":true,"href":"https:\/\/www.eltern-bilinguisme.org\/de\/wp-json\/wp\/v2\/users\/2"}],"replies":[{"embeddable":true,"href":"https:\/\/www.eltern-bilinguisme.org\/de\/wp-json\/wp\/v2\/comments?post=948"}],"version-history":[{"count":6,"href":"https:\/\/www.eltern-bilinguisme.org\/de\/wp-json\/wp\/v2\/pages\/948\/revisions"}],"predecessor-version":[{"id":1672,"href":"https:\/\/www.eltern-bilinguisme.org\/de\/wp-json\/wp\/v2\/pages\/948\/revisions\/1672"}],"wp:featuredmedia":[{"embeddable":true,"href":"https:\/\/www.eltern-bilinguisme.org\/de\/wp-json\/wp\/v2\/media\/796"}],"wp:attachment":[{"href":"https:\/\/www.eltern-bilinguisme.org\/de\/wp-json\/wp\/v2\/media?parent=948"}],"curies":[{"name":"wp","href":"https:\/\/api.w.org\/{rel}","templated":true}]}}