{"id":960,"date":"2022-09-16T11:11:41","date_gmt":"2022-09-16T09:11:41","guid":{"rendered":"https:\/\/www.eltern-bilinguisme.org\/mitgliedschaft\/"},"modified":"2025-09-12T13:37:46","modified_gmt":"2025-09-12T11:37:46","slug":"mitgliedschaft","status":"publish","type":"page","link":"https:\/\/www.eltern-bilinguisme.org\/de\/mitgliedschaft\/","title":{"rendered":"Mitgliedschaft"},"content":{"rendered":"\n<p><strong>Wenn Sie Mitglied des Vereins Eltern Alsace sind, erhalten Sie u.a. Zugang zu unserer Zeitung (Eltern Journal), die alle drei Monate erscheint, zu unseren \u201eInfo-Mails\u201c, die Sie \u00fcber Freizeitaktivit\u00e4ten informieren sowie zu den Merkbl\u00e4ttern \u00fcber verschiedene Themen. <strong>Dar\u00fcber hinaus steht Ihnen ein Sekretariat jederzeit f\u00fcr Ihre Fragen zur Verf\u00fcgung.<\/strong><\/strong><\/p>\n\n<p>Eltern Alsace organisiert ebenfalls Informationsveranstaltungen zum Thema des Erlernens von Sprachen vom Kindergarten zum Gymnasium. Dar\u00fcber hinaus unterst\u00fctzt der Verein Familien mit Informationen \u00fcber Mehrsprachigkeit, Ratschl\u00e4gen bez\u00fcglich der Suche von Deutschmaterialien, sowie mit Informationen \u00fcber Sprachferien und Aktivit\u00e4ten in Deutschland f\u00fcr Kinder und Jugendliche.<\/p>\n\n<p><em><strong>Formulare: <\/strong><\/em><\/p>\n\n<div class=\"wp-block-file\"><a id=\"wp-block-file--media-ca8ccf31-a3ae-4782-a2d4-e15c945a69d7\" href=\"https:\/\/www.eltern-bilinguisme.org\/wp-content\/uploads\/2025\/09\/Bulletin-adhesion-2025-Individuel-version-modifiable-1.pdf\">ELTERN Alsace &#8211; Mitgliedschaft (bearbeitbare PDF-Datei) 2025\/2026<\/a><\/div>\n\n<div class=\"wp-block-file\"><a id=\"wp-block-file--media-947c9695-41c2-4334-a77f-31b99aa8c71f\" href=\"https:\/\/www.eltern-bilinguisme.org\/wp-content\/uploads\/2025\/09\/Bulletin-adhesion-2025-Association-1.pdf\">Eltern Alsace \u2013 Mitgliedschaft f\u00fcr Verein (PDF) 2025\/2026<\/a><\/div>\n\n<div class=\"wp-block-buttons is-layout-flex wp-block-buttons-is-layout-flex\">\n<div class=\"wp-block-button\"><a class=\"wp-block-button__link wp-element-button\" href=\"https:\/\/www.helloasso.com\/associations\/eltern-alsace\/adhesions\/association-eltern-alsace-2025-2026\">Mitgliedschaft mit Online-Zahlung<\/a><\/div>\n<\/div>\n\n<iframe id=\"haWidget\" allowtransparency=\"true\" scrolling=\"auto\" src=\"https:\/\/www.helloasso.com\/associations\/eltern-alsace\/adhesions\/association-eltern-alsace-2025-2026\/widget\" style=\"width: 100%; height: 750px; border: none;\"><\/iframe>\n\n<div style=\"height:33px\" aria-hidden=\"true\" class=\"wp-block-spacer\"><\/div>\n\n<p>Der Mitgliedsbeitrag ist bis zu 66% von der Steuer absetzbar. Ein Nachweis f\u00fcr die Steuer wird Ihnen mit Ihrem Mitgliedsausweis zugeschickt.<\/p>\n","protected":false},"excerpt":{"rendered":"<p>Wenn Sie Mitglied des Vereins Eltern Alsace sind, erhalten Sie u.a. Zugang zu unserer Zeitung (Eltern Journal), die alle drei Monate erscheint, zu unseren \u201eInfo-Mails\u201c, die Sie \u00fcber Freizeitaktivit\u00e4ten informieren sowie zu&#8230;<\/p>\n","protected":false},"author":2,"featured_media":764,"parent":0,"menu_order":0,"comment_status":"closed","ping_status":"closed","template":"","meta":{"_eb_attr":"","footnotes":""},"acf":[],"yoast_head":"<!-- This site is optimized with the Yoast SEO plugin v20.13 - https:\/\/yoast.com\/wordpress\/plugins\/seo\/ -->\n<title>Mitgliedschaft | Eltern Alsace<\/title>\n<meta name=\"robots\" content=\"index, follow, max-snippet:-1, max-image-preview:large, max-video-preview:-1\" \/>\n<link rel=\"canonical\" href=\"https:\/\/www.eltern-bilinguisme.org\/de\/mitgliedschaft\/\" \/>\n<meta property=\"og:locale\" content=\"de_DE\" \/>\n<meta property=\"og:type\" content=\"article\" \/>\n<meta property=\"og:title\" content=\"Mitgliedschaft | Eltern Alsace\" \/>\n<meta property=\"og:description\" content=\"Wenn Sie Mitglied des Vereins Eltern Alsace sind, erhalten Sie u.a. Zugang zu unserer Zeitung (Eltern Journal), die alle drei Monate erscheint, zu unseren \u201eInfo-Mails\u201c, die Sie \u00fcber Freizeitaktivit\u00e4ten informieren sowie zu...\" \/>\n<meta property=\"og:url\" content=\"https:\/\/www.eltern-bilinguisme.org\/de\/mitgliedschaft\/\" \/>\n<meta property=\"og:site_name\" content=\"Eltern Alsace\" \/>\n<meta property=\"article:publisher\" content=\"https:\/\/www.facebook.com\/ElternAlsace\" \/>\n<meta property=\"article:modified_time\" content=\"2025-09-12T11:37:46+00:00\" \/>\n<meta property=\"og:image\" content=\"https:\/\/www.eltern-bilinguisme.org\/wp-content\/uploads\/2022\/10\/ELTERN_banniere_adhesion_2560x860px.jpg\" \/>\n\t<meta property=\"og:image:width\" content=\"2560\" \/>\n\t<meta property=\"og:image:height\" content=\"860\" \/>\n\t<meta property=\"og:image:type\" content=\"image\/jpeg\" \/>\n<meta name=\"twitter:card\" content=\"summary_large_image\" \/>\n<meta name=\"twitter:label1\" content=\"Gesch\u00e4tzte Lesezeit\" \/>\n\t<meta name=\"twitter:data1\" content=\"1\u00a0Minute\" \/>\n<script type=\"application\/ld+json\" class=\"yoast-schema-graph\">{\"@context\":\"https:\/\/schema.org\",\"@graph\":[{\"@type\":\"WebPage\",\"@id\":\"https:\/\/www.eltern-bilinguisme.org\/de\/mitgliedschaft\/\",\"url\":\"https:\/\/www.eltern-bilinguisme.org\/de\/mitgliedschaft\/\",\"name\":\"Mitgliedschaft | Eltern Alsace\",\"isPartOf\":{\"@id\":\"https:\/\/www.eltern-bilinguisme.org\/de\/#website\"},\"datePublished\":\"2022-09-16T09:11:41+00:00\",\"dateModified\":\"2025-09-12T11:37:46+00:00\",\"breadcrumb\":{\"@id\":\"https:\/\/www.eltern-bilinguisme.org\/de\/mitgliedschaft\/#breadcrumb\"},\"inLanguage\":\"de\",\"potentialAction\":[{\"@type\":\"ReadAction\",\"target\":[\"https:\/\/www.eltern-bilinguisme.org\/de\/mitgliedschaft\/\"]}]},{\"@type\":\"BreadcrumbList\",\"@id\":\"https:\/\/www.eltern-bilinguisme.org\/de\/mitgliedschaft\/#breadcrumb\",\"itemListElement\":[{\"@type\":\"ListItem\",\"position\":1,\"name\":\"Accueil\",\"item\":\"https:\/\/www.eltern-bilinguisme.org\/de\/\"},{\"@type\":\"ListItem\",\"position\":2,\"name\":\"Mitgliedschaft\"}]},{\"@type\":\"WebSite\",\"@id\":\"https:\/\/www.eltern-bilinguisme.org\/de\/#website\",\"url\":\"https:\/\/www.eltern-bilinguisme.org\/de\/\",\"name\":\"Eltern Alsace\",\"description\":\"Etre bilingue, c&#039;est mettre deux fois plus de chances de son c\u00f4t\u00e9 !\",\"publisher\":{\"@id\":\"https:\/\/www.eltern-bilinguisme.org\/de\/#organization\"},\"potentialAction\":[{\"@type\":\"SearchAction\",\"target\":{\"@type\":\"EntryPoint\",\"urlTemplate\":\"https:\/\/www.eltern-bilinguisme.org\/de\/?s={search_term_string}\"},\"query-input\":\"required name=search_term_string\"}],\"inLanguage\":\"de\"},{\"@type\":\"Organization\",\"@id\":\"https:\/\/www.eltern-bilinguisme.org\/de\/#organization\",\"name\":\"Eltern Alsace\",\"url\":\"https:\/\/www.eltern-bilinguisme.org\/de\/\",\"logo\":{\"@type\":\"ImageObject\",\"inLanguage\":\"de\",\"@id\":\"https:\/\/www.eltern-bilinguisme.org\/de\/#\/schema\/logo\/image\/\",\"url\":\"https:\/\/www.eltern-bilinguisme.org\/wp-content\/uploads\/2022\/08\/logo-footer.png\",\"contentUrl\":\"https:\/\/www.eltern-bilinguisme.org\/wp-content\/uploads\/2022\/08\/logo-footer.png\",\"width\":301,\"height\":178,\"caption\":\"Eltern Alsace\"},\"image\":{\"@id\":\"https:\/\/www.eltern-bilinguisme.org\/de\/#\/schema\/logo\/image\/\"},\"sameAs\":[\"https:\/\/www.facebook.com\/ElternAlsace\",\"https:\/\/www.instagram.com\/elternalsace\/\"]}]}<\/script>\n<!-- \/ Yoast SEO plugin. -->","yoast_head_json":{"title":"Mitgliedschaft | Eltern Alsace","robots":{"index":"index","follow":"follow","max-snippet":"max-snippet:-1","max-image-preview":"max-image-preview:large","max-video-preview":"max-video-preview:-1"},"canonical":"https:\/\/www.eltern-bilinguisme.org\/de\/mitgliedschaft\/","og_locale":"de_DE","og_type":"article","og_title":"Mitgliedschaft | Eltern Alsace","og_description":"Wenn Sie Mitglied des Vereins Eltern Alsace sind, erhalten Sie u.a. Zugang zu unserer Zeitung (Eltern Journal), die alle drei Monate erscheint, zu unseren \u201eInfo-Mails\u201c, die Sie \u00fcber Freizeitaktivit\u00e4ten informieren sowie zu...","og_url":"https:\/\/www.eltern-bilinguisme.org\/de\/mitgliedschaft\/","og_site_name":"Eltern Alsace","article_publisher":"https:\/\/www.facebook.com\/ElternAlsace","article_modified_time":"2025-09-12T11:37:46+00:00","og_image":[{"width":2560,"height":860,"url":"https:\/\/www.eltern-bilinguisme.org\/wp-content\/uploads\/2022\/10\/ELTERN_banniere_adhesion_2560x860px.jpg","type":"image\/jpeg"}],"twitter_card":"summary_large_image","twitter_misc":{"Gesch\u00e4tzte Lesezeit":"1\u00a0Minute"},"schema":{"@context":"https:\/\/schema.org","@graph":[{"@type":"WebPage","@id":"https:\/\/www.eltern-bilinguisme.org\/de\/mitgliedschaft\/","url":"https:\/\/www.eltern-bilinguisme.org\/de\/mitgliedschaft\/","name":"Mitgliedschaft | Eltern Alsace","isPartOf":{"@id":"https:\/\/www.eltern-bilinguisme.org\/de\/#website"},"datePublished":"2022-09-16T09:11:41+00:00","dateModified":"2025-09-12T11:37:46+00:00","breadcrumb":{"@id":"https:\/\/www.eltern-bilinguisme.org\/de\/mitgliedschaft\/#breadcrumb"},"inLanguage":"de","potentialAction":[{"@type":"ReadAction","target":["https:\/\/www.eltern-bilinguisme.org\/de\/mitgliedschaft\/"]}]},{"@type":"BreadcrumbList","@id":"https:\/\/www.eltern-bilinguisme.org\/de\/mitgliedschaft\/#breadcrumb","itemListElement":[{"@type":"ListItem","position":1,"name":"Accueil","item":"https:\/\/www.eltern-bilinguisme.org\/de\/"},{"@type":"ListItem","position":2,"name":"Mitgliedschaft"}]},{"@type":"WebSite","@id":"https:\/\/www.eltern-bilinguisme.org\/de\/#website","url":"https:\/\/www.eltern-bilinguisme.org\/de\/","name":"Eltern Alsace","description":"Etre bilingue, c&#039;est mettre deux fois plus de chances de son c\u00f4t\u00e9 !","publisher":{"@id":"https:\/\/www.eltern-bilinguisme.org\/de\/#organization"},"potentialAction":[{"@type":"SearchAction","target":{"@type":"EntryPoint","urlTemplate":"https:\/\/www.eltern-bilinguisme.org\/de\/?s={search_term_string}"},"query-input":"required name=search_term_string"}],"inLanguage":"de"},{"@type":"Organization","@id":"https:\/\/www.eltern-bilinguisme.org\/de\/#organization","name":"Eltern Alsace","url":"https:\/\/www.eltern-bilinguisme.org\/de\/","logo":{"@type":"ImageObject","inLanguage":"de","@id":"https:\/\/www.eltern-bilinguisme.org\/de\/#\/schema\/logo\/image\/","url":"https:\/\/www.eltern-bilinguisme.org\/wp-content\/uploads\/2022\/08\/logo-footer.png","contentUrl":"https:\/\/www.eltern-bilinguisme.org\/wp-content\/uploads\/2022\/08\/logo-footer.png","width":301,"height":178,"caption":"Eltern Alsace"},"image":{"@id":"https:\/\/www.eltern-bilinguisme.org\/de\/#\/schema\/logo\/image\/"},"sameAs":["https:\/\/www.facebook.com\/ElternAlsace","https:\/\/www.instagram.com\/elternalsace\/"]}]}},"publishpress_future_action":{"enabled":false,"date":"1970-01-01 01:00:00","action":"","terms":[],"taxonomy":"","browser_timezone_offset":0},"_links":{"self":[{"href":"https:\/\/www.eltern-bilinguisme.org\/de\/wp-json\/wp\/v2\/pages\/960"}],"collection":[{"href":"https:\/\/www.eltern-bilinguisme.org\/de\/wp-json\/wp\/v2\/pages"}],"about":[{"href":"https:\/\/www.eltern-bilinguisme.org\/de\/wp-json\/wp\/v2\/types\/page"}],"author":[{"embeddable":true,"href":"https:\/\/www.eltern-bilinguisme.org\/de\/wp-json\/wp\/v2\/users\/2"}],"replies":[{"embeddable":true,"href":"https:\/\/www.eltern-bilinguisme.org\/de\/wp-json\/wp\/v2\/comments?post=960"}],"version-history":[{"count":20,"href":"https:\/\/www.eltern-bilinguisme.org\/de\/wp-json\/wp\/v2\/pages\/960\/revisions"}],"predecessor-version":[{"id":6096,"href":"https:\/\/www.eltern-bilinguisme.org\/de\/wp-json\/wp\/v2\/pages\/960\/revisions\/6096"}],"wp:featuredmedia":[{"embeddable":true,"href":"https:\/\/www.eltern-bilinguisme.org\/de\/wp-json\/wp\/v2\/media\/764"}],"wp:attachment":[{"href":"https:\/\/www.eltern-bilinguisme.org\/de\/wp-json\/wp\/v2\/media?parent=960"}],"curies":[{"name":"wp","href":"https:\/\/api.w.org\/{rel}","templated":true}]}}